{"id":1270,"date":"2026-04-16T14:57:50","date_gmt":"2026-04-16T12:57:50","guid":{"rendered":"http:\/\/villagiulia.youelba.com\/camere\/camera-tripla-plus\/"},"modified":"2026-05-07T15:58:28","modified_gmt":"2026-05-07T13:58:28","slug":"triple-plus-zimmer","status":"publish","type":"page","link":"https:\/\/www.villagiuliahotel.it\/de\/zimmer\/triple-plus-zimmer\/","title":{"rendered":"Triple Plus Zimmer"},"content":{"rendered":"\t\t<div data-elementor-type=\"wp-page\" data-elementor-id=\"1270\" class=\"elementor elementor-1270 elementor-879\" data-elementor-post-type=\"page\">\n\t\t\t\t<div class=\"elementor-element elementor-element-c78c8f2 e-flex e-con-boxed e-con e-parent\" data-id=\"c78c8f2\" data-element_type=\"container\" data-e-type=\"container\" data-settings=\"{&quot;background_background&quot;:&quot;classic&quot;}\">\n\t\t\t\t\t<div class=\"e-con-inner\">\n\t\t\t\t<div class=\"elementor-element elementor-element-3b9e35f elementor-widget elementor-widget-text-editor\" data-id=\"3b9e35f\" data-element_type=\"widget\" data-e-type=\"widget\" data-widget_type=\"text-editor.default\">\n\t\t\t\t<div class=\"elementor-widget-container\">\n\t\t\t\t\t\t\t\t\t<h2>Triple Plus Zimmer<\/h2>\t\t\t\t\t\t\t\t<\/div>\n\t\t\t\t<\/div>\n\t\t\t\t\t<\/div>\n\t\t\t\t<\/div>\n\t\t\t\t<section class=\"elementor-section elementor-top-section elementor-element elementor-element-62ffc38 elementor-section-stretched elementor-section-boxed elementor-section-height-default elementor-section-height-default\" data-id=\"62ffc38\" data-element_type=\"section\" data-e-type=\"section\" data-settings=\"{&quot;stretch_section&quot;:&quot;section-stretched&quot;,&quot;background_background&quot;:&quot;classic&quot;}\">\n\t\t\t\t\t\t<div class=\"elementor-container elementor-column-gap-wider\">\n\t\t\t\t\t<div class=\"elementor-column elementor-col-100 elementor-top-column elementor-element elementor-element-7e3de55\" data-id=\"7e3de55\" data-element_type=\"column\" data-e-type=\"column\">\n\t\t\t<div class=\"elementor-widget-wrap elementor-element-populated\">\n\t\t\t\t\t\t<section class=\"elementor-section elementor-inner-section elementor-element elementor-element-5a62c37 elementor-section-boxed elementor-section-height-default elementor-section-height-default\" data-id=\"5a62c37\" data-element_type=\"section\" data-e-type=\"section\">\n\t\t\t\t\t\t<div class=\"elementor-container elementor-column-gap-default\">\n\t\t\t\t\t<div class=\"elementor-column elementor-col-50 elementor-inner-column elementor-element elementor-element-368de68\" data-id=\"368de68\" data-element_type=\"column\" data-e-type=\"column\">\n\t\t\t<div class=\"elementor-widget-wrap elementor-element-populated\">\n\t\t\t\t\t\t<div class=\"elementor-element elementor-element-d75fea2 elementor-arrows-position-inside elementor-pagination-position-outside elementor-widget elementor-widget-image-carousel\" data-id=\"d75fea2\" data-element_type=\"widget\" data-e-type=\"widget\" data-settings=\"{&quot;slides_to_show&quot;:&quot;1&quot;,&quot;navigation&quot;:&quot;both&quot;,&quot;autoplay&quot;:&quot;yes&quot;,&quot;pause_on_hover&quot;:&quot;yes&quot;,&quot;pause_on_interaction&quot;:&quot;yes&quot;,&quot;autoplay_speed&quot;:5000,&quot;infinite&quot;:&quot;yes&quot;,&quot;effect&quot;:&quot;slide&quot;,&quot;speed&quot;:500}\" data-widget_type=\"image-carousel.default\">\n\t\t\t\t<div class=\"elementor-widget-container\">\n\t\t\t\t\t\t\t<div class=\"elementor-image-carousel-wrapper swiper\" role=\"region\" aria-roledescription=\"carousel\" aria-label=\"Carosello d&#039;immagini\" dir=\"ltr\">\n\t\t\t<div class=\"elementor-image-carousel swiper-wrapper\" aria-live=\"off\">\n\t\t\t\t\t\t\t\t<div class=\"swiper-slide\" role=\"group\" aria-roledescription=\"slide\" aria-label=\"1 von 3\"><figure class=\"swiper-slide-inner\"><img decoding=\"async\" class=\"swiper-slide-image\" src=\"https:\/\/www.villagiuliahotel.it\/wp-content\/uploads\/2026\/04\/camera-SU1-1920-1280x1000.jpg\" alt=\"camera SU1-1920\" \/><\/figure><\/div><div class=\"swiper-slide\" role=\"group\" aria-roledescription=\"slide\" aria-label=\"2 von 3\"><figure class=\"swiper-slide-inner\"><img decoding=\"async\" class=\"swiper-slide-image\" src=\"https:\/\/www.villagiuliahotel.it\/wp-content\/uploads\/2026\/04\/camera-SU2-1920-1280x1000.jpg\" alt=\"camera SU2-1920\" \/><\/figure><\/div><div class=\"swiper-slide\" role=\"group\" aria-roledescription=\"slide\" aria-label=\"3 von 3\"><figure class=\"swiper-slide-inner\"><img decoding=\"async\" class=\"swiper-slide-image\" src=\"https:\/\/www.villagiuliahotel.it\/wp-content\/uploads\/2026\/04\/camera-SU-1920-1280x1000.jpg\" alt=\"camera SU-1920\" \/><\/figure><\/div>\t\t\t<\/div>\n\t\t\t\t\t\t\t\t\t\t\t\t<div class=\"elementor-swiper-button elementor-swiper-button-prev\" role=\"button\" tabindex=\"0\">\n\t\t\t\t\t\t<svg aria-hidden=\"true\" class=\"e-font-icon-svg e-eicon-chevron-left\" viewBox=\"0 0 1000 1000\" xmlns=\"http:\/\/www.w3.org\/2000\/svg\"><path d=\"M646 125C629 125 613 133 604 142L308 442C296 454 292 471 292 487 292 504 296 521 308 533L604 854C617 867 629 875 646 875 663 875 679 871 692 858 704 846 713 829 713 812 713 796 708 779 692 767L438 487 692 225C700 217 708 204 708 187 708 171 704 154 692 142 675 129 663 125 646 125Z\"><\/path><\/svg>\t\t\t\t\t<\/div>\n\t\t\t\t\t<div class=\"elementor-swiper-button elementor-swiper-button-next\" role=\"button\" tabindex=\"0\">\n\t\t\t\t\t\t<svg aria-hidden=\"true\" class=\"e-font-icon-svg e-eicon-chevron-right\" viewBox=\"0 0 1000 1000\" xmlns=\"http:\/\/www.w3.org\/2000\/svg\"><path d=\"M696 533C708 521 713 504 713 487 713 471 708 454 696 446L400 146C388 133 375 125 354 125 338 125 325 129 313 142 300 154 292 171 292 187 292 204 296 221 308 233L563 492 304 771C292 783 288 800 288 817 288 833 296 850 308 863 321 871 338 875 354 875 371 875 388 867 400 854L696 533Z\"><\/path><\/svg>\t\t\t\t\t<\/div>\n\t\t\t\t\n\t\t\t\t\t\t\t\t\t<div class=\"swiper-pagination\"><\/div>\n\t\t\t\t\t\t\t\t\t<\/div>\n\t\t\t\t\t\t<\/div>\n\t\t\t\t<\/div>\n\t\t\t\t\t<\/div>\n\t\t<\/div>\n\t\t\t\t<div class=\"elementor-column elementor-col-50 elementor-inner-column elementor-element elementor-element-2d2e09f\" data-id=\"2d2e09f\" data-element_type=\"column\" data-e-type=\"column\">\n\t\t\t<div class=\"elementor-widget-wrap elementor-element-populated\">\n\t\t\t\t\t\t<div class=\"elementor-element elementor-element-988514f elementor-widget elementor-widget-text-editor\" data-id=\"988514f\" data-element_type=\"widget\" data-e-type=\"widget\" data-widget_type=\"text-editor.default\">\n\t\t\t\t<div class=\"elementor-widget-container\">\n\t\t\t\t\t\t\t\t\t<h3>Triple Plus Zimmer<\/h3>\t\t\t\t\t\t\t\t<\/div>\n\t\t\t\t<\/div>\n\t\t\t\t<div class=\"elementor-element elementor-element-e399ae5 elementor-widget elementor-widget-text-editor\" data-id=\"e399ae5\" data-element_type=\"widget\" data-e-type=\"widget\" data-widget_type=\"text-editor.default\">\n\t\t\t\t<div class=\"elementor-widget-container\">\n\t\t\t\t\t\t\t\t\t<p>Das Triple Plus Zimmer ist die ideale L\u00f6sung f\u00fcr kleine Familien oder drei G\u00e4ste, die komfortable, gut aufgeteilte und angenehme R\u00e4ume f\u00fcr ihren gesamten Urlaub suchen. Diese Zimmerkategorie verbindet Funktionalit\u00e4t und Komfort und eignet sich sowohl f\u00fcr kurze Aufenthalte als auch f\u00fcr l\u00e4ngere Ferien.<\/p><p>Die Raumaufteilung wurde so gestaltet, dass sie Praktikabilit\u00e4t und Harmonie garantiert, mit einer angenehmen Wohnlichkeit und entspannter Atmosph\u00e4re. Einige Zimmer dieser Kategorie verf\u00fcgen \u00fcber eine Terrasse, andere \u00fcber einen Balkon oder eine gr\u00f6\u00dfere Au\u00dfenterrasse, die dem Aufenthalt zus\u00e4tzlichen Komfort im Freien verleihen.<\/p><p><strong>Service &amp; Ausstattung<\/strong><\/p><ul><li>eigenes Badezimmer mit Dusche<\/li><li>TV<\/li><li>Telefon<\/li><li>Klimaanlage<\/li><li>Haartrockner<\/li><li>Minibar<\/li><li>Parkplatz<\/li><li>Terrasse in einigen Zimmern<\/li><li>Balkon oder Au\u00dfenterrasse in einigen Zimmern<\/li><\/ul>\t\t\t\t\t\t\t\t<\/div>\n\t\t\t\t<\/div>\n\t\t\t\t\t<\/div>\n\t\t<\/div>\n\t\t\t\t\t<\/div>\n\t\t<\/section>\n\t\t\t\t\t<\/div>\n\t\t<\/div>\n\t\t\t\t\t<\/div>\n\t\t<\/section>\n\t\t\t\t<section class=\"elementor-section elementor-top-section elementor-element elementor-element-e4f3e4c elementor-section-stretched elementor-section-boxed elementor-section-height-default elementor-section-height-default\" data-id=\"e4f3e4c\" data-element_type=\"section\" data-e-type=\"section\" data-settings=\"{&quot;stretch_section&quot;:&quot;section-stretched&quot;}\">\n\t\t\t\t\t\t<div class=\"elementor-container elementor-column-gap-wider\">\n\t\t\t\t\t<div class=\"elementor-column elementor-col-100 elementor-top-column elementor-element elementor-element-4f21426\" data-id=\"4f21426\" data-element_type=\"column\" data-e-type=\"column\">\n\t\t\t<div class=\"elementor-widget-wrap elementor-element-populated\">\n\t\t\t\t\t\t<section class=\"elementor-section elementor-inner-section elementor-element elementor-element-cf1ce4f elementor-section-boxed elementor-section-height-default elementor-section-height-default\" data-id=\"cf1ce4f\" data-element_type=\"section\" data-e-type=\"section\">\n\t\t\t\t\t\t<div class=\"elementor-container elementor-column-gap-default\">\n\t\t\t\t\t<div class=\"elementor-column elementor-col-50 elementor-inner-column elementor-element elementor-element-1dd64f5\" data-id=\"1dd64f5\" data-element_type=\"column\" data-e-type=\"column\">\n\t\t\t<div class=\"elementor-widget-wrap elementor-element-populated\">\n\t\t\t\t\t\t<div class=\"elementor-element elementor-element-f91f308 elementor-widget elementor-widget-text-editor\" data-id=\"f91f308\" data-element_type=\"widget\" data-e-type=\"widget\" data-widget_type=\"text-editor.default\">\n\t\t\t\t<div class=\"elementor-widget-container\">\n\t\t\t\t\t\t\t\t\t<h5>M\u00f6chten Sie Informationen erhalten oder einen Urlaub in unserem Hotel buchen?<\/h5>\t\t\t\t\t\t\t\t<\/div>\n\t\t\t\t<\/div>\n\t\t\t\t\t<\/div>\n\t\t<\/div>\n\t\t\t\t<div class=\"elementor-column elementor-col-50 elementor-inner-column elementor-element elementor-element-cb3f2c6\" data-id=\"cb3f2c6\" data-element_type=\"column\" data-e-type=\"column\">\n\t\t\t<div class=\"elementor-widget-wrap elementor-element-populated\">\n\t\t\t\t\t\t<div class=\"elementor-element elementor-element-a9468d4 elementor-tablet-align-center elementor-align-right elementor-widget elementor-widget-button\" data-id=\"a9468d4\" data-element_type=\"widget\" data-e-type=\"widget\" data-widget_type=\"button.default\">\n\t\t\t\t<div class=\"elementor-widget-container\">\n\t\t\t\t\t\t\t\t\t<div class=\"elementor-button-wrapper\">\n\t\t\t\t\t<a class=\"elementor-button elementor-button-link elementor-size-sm\" href=\"\/de\/kontakte\/\">\n\t\t\t\t\t\t<span class=\"elementor-button-content-wrapper\">\n\t\t\t\t\t\t\t\t\t<span class=\"elementor-button-text\">ANGEBOT ANFORDERN<\/span>\n\t\t\t\t\t<\/span>\n\t\t\t\t\t<\/a>\n\t\t\t\t<\/div>\n\t\t\t\t\t\t\t\t<\/div>\n\t\t\t\t<\/div>\n\t\t\t\t\t<\/div>\n\t\t<\/div>\n\t\t\t\t\t<\/div>\n\t\t<\/section>\n\t\t\t\t\t<\/div>\n\t\t<\/div>\n\t\t\t\t\t<\/div>\n\t\t<\/section>\n\t\t\t\t<\/div>\n\t\t","protected":false},"excerpt":{"rendered":"<p>Triple Plus Zimmer Triple Plus Zimmer Das Triple Plus Zimmer ist die ideale L\u00f6sung f\u00fcr kleine Familien oder drei G\u00e4ste, die komfortable, gut aufgeteilte und angenehme<span class=\"excerpt-hellip\"> [\u2026]<\/span><\/p>\n","protected":false},"author":1,"featured_media":0,"parent":1250,"menu_order":0,"comment_status":"closed","ping_status":"closed","template":"","meta":{"footnotes":""},"class_list":["post-1270","page","type-page","status-publish","hentry"],"yoast_head":"<!-- This site is optimized with the Yoast SEO plugin v27.6 - https:\/\/yoast.com\/product\/yoast-seo-wordpress\/ -->\n<title>Triple Plus Zimmer - Hotel Villa Giulia<\/title>\n<meta name=\"robots\" content=\"index, follow, max-snippet:-1, max-image-preview:large, max-video-preview:-1\" \/>\n<link rel=\"canonical\" href=\"https:\/\/www.villagiuliahotel.it\/de\/zimmer\/triple-plus-zimmer\/\" \/>\n<meta property=\"og:locale\" content=\"de_DE\" \/>\n<meta property=\"og:type\" content=\"article\" \/>\n<meta property=\"og:title\" content=\"Triple Plus Zimmer - Hotel Villa Giulia\" \/>\n<meta property=\"og:description\" content=\"Triple Plus Zimmer Triple Plus Zimmer Das Triple Plus Zimmer ist die ideale L\u00f6sung f\u00fcr kleine Familien oder drei G\u00e4ste, die komfortable, gut aufgeteilte und angenehme [\u2026]\" \/>\n<meta property=\"og:url\" content=\"https:\/\/www.villagiuliahotel.it\/de\/zimmer\/triple-plus-zimmer\/\" \/>\n<meta property=\"og:site_name\" content=\"Hotel Villa Giulia\" \/>\n<meta property=\"article:publisher\" content=\"https:\/\/www.facebook.com\/hotelvillagiuliaelba\" \/>\n<meta property=\"article:modified_time\" content=\"2026-05-07T13:58:28+00:00\" \/>\n<meta property=\"og:image\" content=\"http:\/\/villagiulia.youelba.com\/wp-content\/uploads\/2026\/04\/camera-SU1-1920-1280x1000.jpg\" \/>\n<meta name=\"twitter:card\" content=\"summary_large_image\" \/>\n<meta name=\"twitter:label1\" content=\"Gesch\u00e4tzte Lesezeit\" \/>\n\t<meta name=\"twitter:data1\" content=\"1\u00a0Minute\" \/>\n<script type=\"application\/ld+json\" class=\"yoast-schema-graph\">{\"@context\":\"https:\\\/\\\/schema.org\",\"@graph\":[{\"@type\":\"WebPage\",\"@id\":\"https:\\\/\\\/www.villagiuliahotel.it\\\/de\\\/zimmer\\\/triple-plus-zimmer\\\/\",\"url\":\"https:\\\/\\\/www.villagiuliahotel.it\\\/de\\\/zimmer\\\/triple-plus-zimmer\\\/\",\"name\":\"Triple Plus Zimmer - Hotel Villa Giulia\",\"isPartOf\":{\"@id\":\"https:\\\/\\\/www.villagiuliahotel.it\\\/de\\\/#website\"},\"primaryImageOfPage\":{\"@id\":\"https:\\\/\\\/www.villagiuliahotel.it\\\/de\\\/zimmer\\\/triple-plus-zimmer\\\/#primaryimage\"},\"image\":{\"@id\":\"https:\\\/\\\/www.villagiuliahotel.it\\\/de\\\/zimmer\\\/triple-plus-zimmer\\\/#primaryimage\"},\"thumbnailUrl\":\"http:\\\/\\\/villagiulia.youelba.com\\\/wp-content\\\/uploads\\\/2026\\\/04\\\/camera-SU1-1920-1280x1000.jpg\",\"datePublished\":\"2026-04-16T12:57:50+00:00\",\"dateModified\":\"2026-05-07T13:58:28+00:00\",\"breadcrumb\":{\"@id\":\"https:\\\/\\\/www.villagiuliahotel.it\\\/de\\\/zimmer\\\/triple-plus-zimmer\\\/#breadcrumb\"},\"inLanguage\":\"de\",\"potentialAction\":[{\"@type\":\"ReadAction\",\"target\":[\"https:\\\/\\\/www.villagiuliahotel.it\\\/de\\\/zimmer\\\/triple-plus-zimmer\\\/\"]}]},{\"@type\":\"ImageObject\",\"inLanguage\":\"de\",\"@id\":\"https:\\\/\\\/www.villagiuliahotel.it\\\/de\\\/zimmer\\\/triple-plus-zimmer\\\/#primaryimage\",\"url\":\"http:\\\/\\\/villagiulia.youelba.com\\\/wp-content\\\/uploads\\\/2026\\\/04\\\/camera-SU1-1920-1280x1000.jpg\",\"contentUrl\":\"http:\\\/\\\/villagiulia.youelba.com\\\/wp-content\\\/uploads\\\/2026\\\/04\\\/camera-SU1-1920-1280x1000.jpg\"},{\"@type\":\"BreadcrumbList\",\"@id\":\"https:\\\/\\\/www.villagiuliahotel.it\\\/de\\\/zimmer\\\/triple-plus-zimmer\\\/#breadcrumb\",\"itemListElement\":[{\"@type\":\"ListItem\",\"position\":1,\"name\":\"Home\",\"item\":\"https:\\\/\\\/www.villagiuliahotel.it\\\/de\\\/home\\\/\"},{\"@type\":\"ListItem\",\"position\":2,\"name\":\"Zimmer\",\"item\":\"https:\\\/\\\/www.villagiuliahotel.it\\\/de\\\/zimmer\\\/\"},{\"@type\":\"ListItem\",\"position\":3,\"name\":\"Triple Plus Zimmer\"}]},{\"@type\":\"WebSite\",\"@id\":\"https:\\\/\\\/www.villagiuliahotel.it\\\/de\\\/#website\",\"url\":\"https:\\\/\\\/www.villagiuliahotel.it\\\/de\\\/\",\"name\":\"Hotel Villa Giulia\",\"description\":\"Hotel all&#039;Isola d&#039;Elba nella splendida posizione panoramica sul Lido di Capoliveri\",\"publisher\":{\"@id\":\"https:\\\/\\\/www.villagiuliahotel.it\\\/de\\\/#organization\"},\"potentialAction\":[{\"@type\":\"SearchAction\",\"target\":{\"@type\":\"EntryPoint\",\"urlTemplate\":\"https:\\\/\\\/www.villagiuliahotel.it\\\/de\\\/?s={search_term_string}\"},\"query-input\":{\"@type\":\"PropertyValueSpecification\",\"valueRequired\":true,\"valueName\":\"search_term_string\"}}],\"inLanguage\":\"de\"},{\"@type\":\"Organization\",\"@id\":\"https:\\\/\\\/www.villagiuliahotel.it\\\/de\\\/#organization\",\"name\":\"Hotel Villa Giulia\",\"url\":\"https:\\\/\\\/www.villagiuliahotel.it\\\/de\\\/\",\"logo\":{\"@type\":\"ImageObject\",\"inLanguage\":\"de\",\"@id\":\"https:\\\/\\\/www.villagiuliahotel.it\\\/de\\\/#\\\/schema\\\/logo\\\/image\\\/\",\"url\":\"https:\\\/\\\/www.villagiuliahotel.it\\\/wp-content\\\/uploads\\\/2024\\\/04\\\/logo-villagiulia.png\",\"contentUrl\":\"https:\\\/\\\/www.villagiuliahotel.it\\\/wp-content\\\/uploads\\\/2024\\\/04\\\/logo-villagiulia.png\",\"width\":400,\"height\":150,\"caption\":\"Hotel Villa Giulia\"},\"image\":{\"@id\":\"https:\\\/\\\/www.villagiuliahotel.it\\\/de\\\/#\\\/schema\\\/logo\\\/image\\\/\"},\"sameAs\":[\"https:\\\/\\\/www.facebook.com\\\/hotelvillagiuliaelba\",\"https:\\\/\\\/www.instagram.com\\\/hotelvillagiuliaelba\\\/\"]}]}<\/script>\n<!-- \/ Yoast SEO plugin. -->","yoast_head_json":{"title":"Triple Plus Zimmer - Hotel Villa Giulia","robots":{"index":"index","follow":"follow","max-snippet":"max-snippet:-1","max-image-preview":"max-image-preview:large","max-video-preview":"max-video-preview:-1"},"canonical":"https:\/\/www.villagiuliahotel.it\/de\/zimmer\/triple-plus-zimmer\/","og_locale":"de_DE","og_type":"article","og_title":"Triple Plus Zimmer - Hotel Villa Giulia","og_description":"Triple Plus Zimmer Triple Plus Zimmer Das Triple Plus Zimmer ist die ideale L\u00f6sung f\u00fcr kleine Familien oder drei G\u00e4ste, die komfortable, gut aufgeteilte und angenehme [\u2026]","og_url":"https:\/\/www.villagiuliahotel.it\/de\/zimmer\/triple-plus-zimmer\/","og_site_name":"Hotel Villa Giulia","article_publisher":"https:\/\/www.facebook.com\/hotelvillagiuliaelba","article_modified_time":"2026-05-07T13:58:28+00:00","og_image":[{"url":"http:\/\/villagiulia.youelba.com\/wp-content\/uploads\/2026\/04\/camera-SU1-1920-1280x1000.jpg","type":"","width":"","height":""}],"twitter_card":"summary_large_image","twitter_misc":{"Gesch\u00e4tzte Lesezeit":"1\u00a0Minute"},"schema":{"@context":"https:\/\/schema.org","@graph":[{"@type":"WebPage","@id":"https:\/\/www.villagiuliahotel.it\/de\/zimmer\/triple-plus-zimmer\/","url":"https:\/\/www.villagiuliahotel.it\/de\/zimmer\/triple-plus-zimmer\/","name":"Triple Plus Zimmer - Hotel Villa Giulia","isPartOf":{"@id":"https:\/\/www.villagiuliahotel.it\/de\/#website"},"primaryImageOfPage":{"@id":"https:\/\/www.villagiuliahotel.it\/de\/zimmer\/triple-plus-zimmer\/#primaryimage"},"image":{"@id":"https:\/\/www.villagiuliahotel.it\/de\/zimmer\/triple-plus-zimmer\/#primaryimage"},"thumbnailUrl":"http:\/\/villagiulia.youelba.com\/wp-content\/uploads\/2026\/04\/camera-SU1-1920-1280x1000.jpg","datePublished":"2026-04-16T12:57:50+00:00","dateModified":"2026-05-07T13:58:28+00:00","breadcrumb":{"@id":"https:\/\/www.villagiuliahotel.it\/de\/zimmer\/triple-plus-zimmer\/#breadcrumb"},"inLanguage":"de","potentialAction":[{"@type":"ReadAction","target":["https:\/\/www.villagiuliahotel.it\/de\/zimmer\/triple-plus-zimmer\/"]}]},{"@type":"ImageObject","inLanguage":"de","@id":"https:\/\/www.villagiuliahotel.it\/de\/zimmer\/triple-plus-zimmer\/#primaryimage","url":"http:\/\/villagiulia.youelba.com\/wp-content\/uploads\/2026\/04\/camera-SU1-1920-1280x1000.jpg","contentUrl":"http:\/\/villagiulia.youelba.com\/wp-content\/uploads\/2026\/04\/camera-SU1-1920-1280x1000.jpg"},{"@type":"BreadcrumbList","@id":"https:\/\/www.villagiuliahotel.it\/de\/zimmer\/triple-plus-zimmer\/#breadcrumb","itemListElement":[{"@type":"ListItem","position":1,"name":"Home","item":"https:\/\/www.villagiuliahotel.it\/de\/home\/"},{"@type":"ListItem","position":2,"name":"Zimmer","item":"https:\/\/www.villagiuliahotel.it\/de\/zimmer\/"},{"@type":"ListItem","position":3,"name":"Triple Plus Zimmer"}]},{"@type":"WebSite","@id":"https:\/\/www.villagiuliahotel.it\/de\/#website","url":"https:\/\/www.villagiuliahotel.it\/de\/","name":"Hotel Villa Giulia","description":"Hotel all&#039;Isola d&#039;Elba nella splendida posizione panoramica sul Lido di Capoliveri","publisher":{"@id":"https:\/\/www.villagiuliahotel.it\/de\/#organization"},"potentialAction":[{"@type":"SearchAction","target":{"@type":"EntryPoint","urlTemplate":"https:\/\/www.villagiuliahotel.it\/de\/?s={search_term_string}"},"query-input":{"@type":"PropertyValueSpecification","valueRequired":true,"valueName":"search_term_string"}}],"inLanguage":"de"},{"@type":"Organization","@id":"https:\/\/www.villagiuliahotel.it\/de\/#organization","name":"Hotel Villa Giulia","url":"https:\/\/www.villagiuliahotel.it\/de\/","logo":{"@type":"ImageObject","inLanguage":"de","@id":"https:\/\/www.villagiuliahotel.it\/de\/#\/schema\/logo\/image\/","url":"https:\/\/www.villagiuliahotel.it\/wp-content\/uploads\/2024\/04\/logo-villagiulia.png","contentUrl":"https:\/\/www.villagiuliahotel.it\/wp-content\/uploads\/2024\/04\/logo-villagiulia.png","width":400,"height":150,"caption":"Hotel Villa Giulia"},"image":{"@id":"https:\/\/www.villagiuliahotel.it\/de\/#\/schema\/logo\/image\/"},"sameAs":["https:\/\/www.facebook.com\/hotelvillagiuliaelba","https:\/\/www.instagram.com\/hotelvillagiuliaelba\/"]}]}},"_links":{"self":[{"href":"https:\/\/www.villagiuliahotel.it\/de\/wp-json\/wp\/v2\/pages\/1270","targetHints":{"allow":["GET"]}}],"collection":[{"href":"https:\/\/www.villagiuliahotel.it\/de\/wp-json\/wp\/v2\/pages"}],"about":[{"href":"https:\/\/www.villagiuliahotel.it\/de\/wp-json\/wp\/v2\/types\/page"}],"author":[{"embeddable":true,"href":"https:\/\/www.villagiuliahotel.it\/de\/wp-json\/wp\/v2\/users\/1"}],"replies":[{"embeddable":true,"href":"https:\/\/www.villagiuliahotel.it\/de\/wp-json\/wp\/v2\/comments?post=1270"}],"version-history":[{"count":4,"href":"https:\/\/www.villagiuliahotel.it\/de\/wp-json\/wp\/v2\/pages\/1270\/revisions"}],"predecessor-version":[{"id":1622,"href":"https:\/\/www.villagiuliahotel.it\/de\/wp-json\/wp\/v2\/pages\/1270\/revisions\/1622"}],"up":[{"embeddable":true,"href":"https:\/\/www.villagiuliahotel.it\/de\/wp-json\/wp\/v2\/pages\/1250"}],"wp:attachment":[{"href":"https:\/\/www.villagiuliahotel.it\/de\/wp-json\/wp\/v2\/media?parent=1270"}],"curies":[{"name":"wp","href":"https:\/\/api.w.org\/{rel}","templated":true}]}}