{"id":1288,"date":"2026-04-08T12:48:14","date_gmt":"2026-04-08T10:48:14","guid":{"rendered":"http:\/\/villagiulia.youelba.com\/isola-delba\/"},"modified":"2026-05-08T09:26:28","modified_gmt":"2026-05-08T07:26:28","slug":"insel-elba","status":"publish","type":"page","link":"https:\/\/www.villagiuliahotel.it\/de\/insel-elba\/","title":{"rendered":"Insel Elba"},"content":{"rendered":"\t\t<div data-elementor-type=\"wp-page\" data-elementor-id=\"1288\" class=\"elementor elementor-1288 elementor-695\" data-elementor-post-type=\"page\">\n\t\t\t\t<div class=\"elementor-element elementor-element-88ff1bf e-con-full e-flex e-con e-parent\" data-id=\"88ff1bf\" data-element_type=\"container\" data-e-type=\"container\" data-settings=\"{&quot;background_background&quot;:&quot;video&quot;,&quot;background_video_link&quot;:&quot;https:\\\/\\\/www.villagiuliahotel.it\\\/wp-content\\\/uploads\\\/2026\\\/04\\\/HOTEL-VILLA-GIULIA-PAESI_V2.mp4&quot;,&quot;background_play_on_mobile&quot;:&quot;yes&quot;}\">\n\t\t<div class=\"elementor-background-video-container\">\n\t\t\t\t\t\t\t<video class=\"elementor-background-video-hosted\" role=\"presentation\" autoplay muted playsinline loop><\/video>\n\t\t\t\t\t<\/div><div class=\"elementor-element elementor-element-c79f22e e-con-full e-flex e-con e-child\" data-id=\"c79f22e\" data-element_type=\"container\" data-e-type=\"container\">\n\t\t<div class=\"elementor-element elementor-element-3952404 e-con-full e-flex e-con e-child\" data-id=\"3952404\" data-element_type=\"container\" data-e-type=\"container\">\n\t\t<div class=\"elementor-element elementor-element-e79232c e-con-full e-flex e-con e-child\" data-id=\"e79232c\" data-element_type=\"container\" data-e-type=\"container\">\n\t\t\t\t<div class=\"elementor-element elementor-element-d6a55b2 elementor-widget elementor-widget-text-editor\" data-id=\"d6a55b2\" data-element_type=\"widget\" data-e-type=\"widget\" data-widget_type=\"text-editor.default\">\n\t\t\t\t<div class=\"elementor-widget-container\">\n\t\t\t\t\t\t\t\t\t<h2><span style=\"color: #f5f5f5;\">Insel Elba<\/span><\/h2>\t\t\t\t\t\t\t\t<\/div>\n\t\t\t\t<\/div>\n\t\t\t\t<\/div>\n\t\t<div class=\"elementor-element elementor-element-50e3cf4 e-con-full e-flex e-con e-child\" data-id=\"50e3cf4\" data-element_type=\"container\" data-e-type=\"container\">\n\t\t\t\t<\/div>\n\t\t\t\t<\/div>\n\t\t\t\t<\/div>\n\t\t\t\t<\/div>\n\t\t<div class=\"elementor-element elementor-element-17f1943 e-con-full e-flex e-con e-parent\" data-id=\"17f1943\" data-element_type=\"container\" data-e-type=\"container\">\n\t\t<div class=\"elementor-element elementor-element-720ddfa e-con-full e-flex e-con e-child\" data-id=\"720ddfa\" data-element_type=\"container\" data-e-type=\"container\">\n\t\t\t\t<div class=\"elementor-element elementor-element-7d3f03c elementor-widget elementor-widget-text-editor\" data-id=\"7d3f03c\" data-element_type=\"widget\" data-e-type=\"widget\" data-widget_type=\"text-editor.default\">\n\t\t\t\t<div class=\"elementor-widget-container\">\n\t\t\t\t\t\t\t\t\t<p>Die Insel geh\u00f6rt zu den beliebtesten Reisezielen Europas. Die Vielfalt ihrer Landschaften und die Sch\u00f6nheit ihrer Str\u00e4nde machen sie zu einer der wahren Perlen des Mittelmeers.<\/p><p>Die <strong>Insel Elba<\/strong> geh\u00f6rt zum <strong>Nationalpark Toskanischer Archipel<\/strong>, zu dem auch die au\u00dfergew\u00f6hnlichen Inseln Capraia, Montecristo und Giglio z\u00e4hlen. Als drittgr\u00f6\u00dfte Insel Italiens bietet sie ein <strong>ganzj\u00e4hrig mildes Klima<\/strong>, hervorragende K\u00fcche und zahlreiche historische Sehensw\u00fcrdigkeiten.<\/p><p>Auf Elba kann sich jeder Besucher seinen ganz pers\u00f6nlichen Traumurlaub gestalten \u2013 au\u00dfergew\u00f6hnlich und unvergesslich zu jeder Jahreszeit. Probieren Sie es selbst aus! <strong>Portoferraio<\/strong> ist die Hauptstadt der Insel Elba und das wichtigste Zentrum f\u00fcr \u00f6ffentliche Einrichtungen und Dienstleistungen. \u00dcberragt von der <strong>Medici-Festung<\/strong> hat sich die Stadt ihren urspr\u00fcnglichen Charakter rund um den Hafen bewahrt, an dem t\u00e4glich die F\u00e4hren vom Festland anlegen.<\/p><p><strong>Villa dei Mulini<\/strong> und <strong>Villa San Martino<\/strong> sind die Residenzen, die <strong>Napoleon Bonaparte<\/strong> w\u00e4hrend seines kurzen Aufenthalts auf der Insel errichten lie\u00df. Die Villa San Martino, einst Landsitz des Kaisers und heute zusammen mit dem Demidoff-Museum zug\u00e4nglich, bewahrt noch heute die originalen R\u00e4ume, einen \u00e4gyptischen Saal und zahlreiche Gegenst\u00e4nde aus dem Besitz Napoleons.<\/p><p>In Portoferraio haben Sie au\u00dferdem die M\u00f6glichkeit, Ihren Urlaub mit einem regenerierenden Wellnessmoment bei einem Besuch der <strong>Terme di San Giovanni<\/strong> zu bereichern.<\/p>\t\t\t\t\t\t\t\t<\/div>\n\t\t\t\t<\/div>\n\t\t\t\t<\/div>\n\t\t<div class=\"elementor-element elementor-element-a414802 e-con-full e-flex e-con e-child\" data-id=\"a414802\" data-element_type=\"container\" data-e-type=\"container\">\n\t\t\t\t<div class=\"elementor-element elementor-element-e5695f8 elementor-widget elementor-widget-image\" data-id=\"e5695f8\" data-element_type=\"widget\" data-e-type=\"widget\" data-widget_type=\"image.default\">\n\t\t\t\t<div class=\"elementor-widget-container\">\n\t\t\t\t\t\t\t\t\t\t\t\t\t\t\t<img fetchpriority=\"high\" decoding=\"async\" width=\"768\" height=\"512\" src=\"https:\/\/www.villagiuliahotel.it\/wp-content\/uploads\/2026\/04\/DSC_4293-768x512.jpg\" class=\"attachment-medium_large size-medium_large wp-image-1530\" alt=\"Porto Azzurro - Isola d&#039;Elba\" srcset=\"https:\/\/www.villagiuliahotel.it\/wp-content\/uploads\/2026\/04\/DSC_4293-768x512.jpg 768w, https:\/\/www.villagiuliahotel.it\/wp-content\/uploads\/2026\/04\/DSC_4293-500x333.jpg 500w, https:\/\/www.villagiuliahotel.it\/wp-content\/uploads\/2026\/04\/DSC_4293-1200x800.jpg 1200w, https:\/\/www.villagiuliahotel.it\/wp-content\/uploads\/2026\/04\/DSC_4293-300x200.jpg 300w, https:\/\/www.villagiuliahotel.it\/wp-content\/uploads\/2026\/04\/DSC_4293-1536x1024.jpg 1536w, https:\/\/www.villagiuliahotel.it\/wp-content\/uploads\/2026\/04\/DSC_4293-113x75.jpg 113w, https:\/\/www.villagiuliahotel.it\/wp-content\/uploads\/2026\/04\/DSC_4293-480x320.jpg 480w, https:\/\/www.villagiuliahotel.it\/wp-content\/uploads\/2026\/04\/DSC_4293.jpg 1920w\" sizes=\"(max-width:767px) 480px, (max-width:768px) 100vw, 768px\" \/>\t\t\t\t\t\t\t\t\t\t\t\t\t\t\t<\/div>\n\t\t\t\t<\/div>\n\t\t\t\t<\/div>\n\t\t\t\t<\/div>\n\t\t<div class=\"elementor-element elementor-element-97008ee e-flex e-con-boxed e-con e-parent\" data-id=\"97008ee\" data-element_type=\"container\" data-e-type=\"container\">\n\t\t\t\t\t<div class=\"e-con-inner\">\n\t\t<div class=\"elementor-element elementor-element-6dbe29f e-con-full e-flex e-con e-child\" data-id=\"6dbe29f\" data-element_type=\"container\" data-e-type=\"container\">\n\t\t<div class=\"elementor-element elementor-element-3eb33c2 e-con-full e-flex e-con e-child\" data-id=\"3eb33c2\" data-element_type=\"container\" data-e-type=\"container\">\n\t\t<div class=\"elementor-element elementor-element-d57980c e-con-full e-flex e-con e-child\" data-id=\"d57980c\" data-element_type=\"container\" data-e-type=\"container\" data-settings=\"{&quot;background_background&quot;:&quot;classic&quot;}\">\n\t\t\t\t<div class=\"elementor-element elementor-element-c9078a3 elementor-widget elementor-widget-image-box\" data-id=\"c9078a3\" data-element_type=\"widget\" data-e-type=\"widget\" data-widget_type=\"image-box.default\">\n\t\t\t\t<div class=\"elementor-widget-container\">\n\t\t\t\t\t<div class=\"elementor-image-box-wrapper\"><div class=\"elementor-image-box-content\"><h5 class=\"elementor-image-box-title\"><a href=\"\/de\/insel-elba\/ausfluge-und-natur\/\">Ausfl\u00fcge und natur<\/a><\/h5><\/div><\/div>\t\t\t\t<\/div>\n\t\t\t\t<\/div>\n\t\t\t\t<\/div>\n\t\t<div class=\"elementor-element elementor-element-0ee0551 e-con-full e-flex e-con e-child\" data-id=\"0ee0551\" data-element_type=\"container\" data-e-type=\"container\" data-settings=\"{&quot;background_background&quot;:&quot;classic&quot;}\">\n\t\t\t\t<div class=\"elementor-element elementor-element-298d591 elementor-widget elementor-widget-image-box\" data-id=\"298d591\" data-element_type=\"widget\" data-e-type=\"widget\" data-widget_type=\"image-box.default\">\n\t\t\t\t<div class=\"elementor-widget-container\">\n\t\t\t\t\t<div class=\"elementor-image-box-wrapper\"><div class=\"elementor-image-box-content\"><h5 class=\"elementor-image-box-title\"><a href=\"\/de\/insel-elba\/sport-und-aktivitaten\/\">Sport und aktivit\u00e4ten<\/a><\/h5><\/div><\/div>\t\t\t\t<\/div>\n\t\t\t\t<\/div>\n\t\t\t\t<\/div>\n\t\t<div class=\"elementor-element elementor-element-cafd328 e-con-full e-flex e-con e-child\" data-id=\"cafd328\" data-element_type=\"container\" data-e-type=\"container\" data-settings=\"{&quot;background_background&quot;:&quot;classic&quot;}\">\n\t\t\t\t<div class=\"elementor-element elementor-element-2a57242 elementor-widget elementor-widget-image-box\" data-id=\"2a57242\" data-element_type=\"widget\" data-e-type=\"widget\" data-widget_type=\"image-box.default\">\n\t\t\t\t<div class=\"elementor-widget-container\">\n\t\t\t\t\t<div class=\"elementor-image-box-wrapper\"><div class=\"elementor-image-box-content\"><h5 class=\"elementor-image-box-title\"><a href=\"\/de\/insel-elba\/strande\/\">Str\u00e4nde<\/a><\/h5><\/div><\/div>\t\t\t\t<\/div>\n\t\t\t\t<\/div>\n\t\t\t\t<\/div>\n\t\t\t\t<\/div>\n\t\t\t\t<\/div>\n\t\t\t\t\t<\/div>\n\t\t\t\t<\/div>\n\t\t<div class=\"elementor-element elementor-element-19610a2 e-flex e-con-boxed e-con e-parent\" data-id=\"19610a2\" data-element_type=\"container\" data-e-type=\"container\" data-settings=\"{&quot;background_background&quot;:&quot;classic&quot;}\">\n\t\t\t\t\t<div class=\"e-con-inner\">\n\t\t<div class=\"elementor-element elementor-element-a4bc1f6 e-con-full e-flex e-con e-child\" data-id=\"a4bc1f6\" data-element_type=\"container\" data-e-type=\"container\">\n\t\t<div class=\"elementor-element elementor-element-40bc024 e-con-full e-flex e-con e-child\" data-id=\"40bc024\" data-element_type=\"container\" data-e-type=\"container\" data-settings=\"{&quot;background_background&quot;:&quot;classic&quot;}\">\n\t\t<div class=\"elementor-element elementor-element-7365e6c e-con-full e-flex e-con e-child\" data-id=\"7365e6c\" data-element_type=\"container\" data-e-type=\"container\">\n\t\t\t\t<div class=\"elementor-element elementor-element-552dcf3 elementor-widget elementor-widget-image\" data-id=\"552dcf3\" data-element_type=\"widget\" data-e-type=\"widget\" data-widget_type=\"image.default\">\n\t\t\t\t<div class=\"elementor-widget-container\">\n\t\t\t\t\t\t\t\t\t\t\t\t\t\t\t<img decoding=\"async\" src=\"https:\/\/www.villagiuliahotel.it\/wp-content\/uploads\/2022\/02\/business5-home-envelope.svg\" title=\"\" alt=\"\" loading=\"lazy\" \/>\t\t\t\t\t\t\t\t\t\t\t\t\t\t\t<\/div>\n\t\t\t\t<\/div>\n\t\t\t\t<\/div>\n\t\t<div class=\"elementor-element elementor-element-0323454 e-con-full e-flex e-con e-child\" data-id=\"0323454\" data-element_type=\"container\" data-e-type=\"container\">\n\t\t\t\t<div class=\"elementor-element elementor-element-08ffd39 elementor-widget elementor-widget-text-editor\" data-id=\"08ffd39\" data-element_type=\"widget\" data-e-type=\"widget\" data-widget_type=\"text-editor.default\">\n\t\t\t\t<div class=\"elementor-widget-container\">\n\t\t\t\t\t\t\t\t\t<h4><span style=\"color: #f5f5f5;\">M\u00f6chten Sie Informationen erhalten oder einen Urlaub in unserem Hotel buchen?<\/span><\/h4>\t\t\t\t\t\t\t\t<\/div>\n\t\t\t\t<\/div>\n\t\t\t\t<div class=\"elementor-element elementor-element-1a06b52 elementor-button-info elementor-widget elementor-widget-button\" data-id=\"1a06b52\" data-element_type=\"widget\" data-e-type=\"widget\" data-widget_type=\"button.default\">\n\t\t\t\t<div class=\"elementor-widget-container\">\n\t\t\t\t\t\t\t\t\t<div class=\"elementor-button-wrapper\">\n\t\t\t\t\t<a class=\"elementor-button elementor-button-link elementor-size-sm\" href=\"\/de\/kontakte\/\">\n\t\t\t\t\t\t<span class=\"elementor-button-content-wrapper\">\n\t\t\t\t\t\t\t\t\t<span class=\"elementor-button-text\">ANFRAGE SENDEN<\/span>\n\t\t\t\t\t<\/span>\n\t\t\t\t\t<\/a>\n\t\t\t\t<\/div>\n\t\t\t\t\t\t\t\t<\/div>\n\t\t\t\t<\/div>\n\t\t\t\t<\/div>\n\t\t<div class=\"elementor-element elementor-element-68c1a42 e-con-full e-flex e-con e-child\" data-id=\"68c1a42\" data-element_type=\"container\" data-e-type=\"container\">\n\t\t\t\t<\/div>\n\t\t\t\t<\/div>\n\t\t\t\t<\/div>\n\t\t\t\t\t<\/div>\n\t\t\t\t<\/div>\n\t\t\t\t<\/div>\n\t\t","protected":false},"excerpt":{"rendered":"<p>Insel Elba Die Insel geh\u00f6rt zu den beliebtesten Reisezielen Europas. Die Vielfalt ihrer Landschaften und die Sch\u00f6nheit ihrer Str\u00e4nde machen sie zu einer der wahren Perlen<span class=\"excerpt-hellip\"> [\u2026]<\/span><\/p>\n","protected":false},"author":1,"featured_media":0,"parent":0,"menu_order":0,"comment_status":"closed","ping_status":"closed","template":"","meta":{"footnotes":""},"class_list":["post-1288","page","type-page","status-publish","hentry"],"yoast_head":"<!-- This site is optimized with the Yoast SEO plugin v27.6 - https:\/\/yoast.com\/product\/yoast-seo-wordpress\/ -->\n<title>Insel Elba - Hotel Villa Giulia<\/title>\n<meta name=\"robots\" content=\"index, follow, max-snippet:-1, max-image-preview:large, max-video-preview:-1\" \/>\n<link rel=\"canonical\" href=\"https:\/\/www.villagiuliahotel.it\/de\/insel-elba\/\" \/>\n<meta property=\"og:locale\" content=\"de_DE\" \/>\n<meta property=\"og:type\" content=\"article\" \/>\n<meta property=\"og:title\" content=\"Insel Elba - Hotel Villa Giulia\" \/>\n<meta property=\"og:description\" content=\"Insel Elba Die Insel geh\u00f6rt zu den beliebtesten Reisezielen Europas. Die Vielfalt ihrer Landschaften und die Sch\u00f6nheit ihrer Str\u00e4nde machen sie zu einer der wahren Perlen [\u2026]\" \/>\n<meta property=\"og:url\" content=\"https:\/\/www.villagiuliahotel.it\/de\/insel-elba\/\" \/>\n<meta property=\"og:site_name\" content=\"Hotel Villa Giulia\" \/>\n<meta property=\"article:publisher\" content=\"https:\/\/www.facebook.com\/hotelvillagiuliaelba\" \/>\n<meta property=\"article:modified_time\" content=\"2026-05-08T07:26:28+00:00\" \/>\n<meta property=\"og:image\" content=\"http:\/\/villagiulia.youelba.com\/wp-content\/uploads\/2026\/04\/DSC_4293-768x512.jpg\" \/>\n<meta name=\"twitter:card\" content=\"summary_large_image\" \/>\n<meta name=\"twitter:label1\" content=\"Gesch\u00e4tzte Lesezeit\" \/>\n\t<meta name=\"twitter:data1\" content=\"1\u00a0Minute\" \/>\n<script type=\"application\/ld+json\" class=\"yoast-schema-graph\">{\"@context\":\"https:\\\/\\\/schema.org\",\"@graph\":[{\"@type\":\"WebPage\",\"@id\":\"https:\\\/\\\/www.villagiuliahotel.it\\\/de\\\/insel-elba\\\/\",\"url\":\"https:\\\/\\\/www.villagiuliahotel.it\\\/de\\\/insel-elba\\\/\",\"name\":\"Insel Elba - Hotel Villa Giulia\",\"isPartOf\":{\"@id\":\"https:\\\/\\\/www.villagiuliahotel.it\\\/de\\\/#website\"},\"primaryImageOfPage\":{\"@id\":\"https:\\\/\\\/www.villagiuliahotel.it\\\/de\\\/insel-elba\\\/#primaryimage\"},\"image\":{\"@id\":\"https:\\\/\\\/www.villagiuliahotel.it\\\/de\\\/insel-elba\\\/#primaryimage\"},\"thumbnailUrl\":\"http:\\\/\\\/villagiulia.youelba.com\\\/wp-content\\\/uploads\\\/2026\\\/04\\\/DSC_4293-768x512.jpg\",\"datePublished\":\"2026-04-08T10:48:14+00:00\",\"dateModified\":\"2026-05-08T07:26:28+00:00\",\"breadcrumb\":{\"@id\":\"https:\\\/\\\/www.villagiuliahotel.it\\\/de\\\/insel-elba\\\/#breadcrumb\"},\"inLanguage\":\"de\",\"potentialAction\":[{\"@type\":\"ReadAction\",\"target\":[\"https:\\\/\\\/www.villagiuliahotel.it\\\/de\\\/insel-elba\\\/\"]}]},{\"@type\":\"ImageObject\",\"inLanguage\":\"de\",\"@id\":\"https:\\\/\\\/www.villagiuliahotel.it\\\/de\\\/insel-elba\\\/#primaryimage\",\"url\":\"http:\\\/\\\/villagiulia.youelba.com\\\/wp-content\\\/uploads\\\/2026\\\/04\\\/DSC_4293-768x512.jpg\",\"contentUrl\":\"http:\\\/\\\/villagiulia.youelba.com\\\/wp-content\\\/uploads\\\/2026\\\/04\\\/DSC_4293-768x512.jpg\"},{\"@type\":\"BreadcrumbList\",\"@id\":\"https:\\\/\\\/www.villagiuliahotel.it\\\/de\\\/insel-elba\\\/#breadcrumb\",\"itemListElement\":[{\"@type\":\"ListItem\",\"position\":1,\"name\":\"Home\",\"item\":\"https:\\\/\\\/www.villagiuliahotel.it\\\/de\\\/home\\\/\"},{\"@type\":\"ListItem\",\"position\":2,\"name\":\"Insel Elba\"}]},{\"@type\":\"WebSite\",\"@id\":\"https:\\\/\\\/www.villagiuliahotel.it\\\/de\\\/#website\",\"url\":\"https:\\\/\\\/www.villagiuliahotel.it\\\/de\\\/\",\"name\":\"Hotel Villa Giulia\",\"description\":\"Hotel all&#039;Isola d&#039;Elba nella splendida posizione panoramica sul Lido di Capoliveri\",\"publisher\":{\"@id\":\"https:\\\/\\\/www.villagiuliahotel.it\\\/de\\\/#organization\"},\"potentialAction\":[{\"@type\":\"SearchAction\",\"target\":{\"@type\":\"EntryPoint\",\"urlTemplate\":\"https:\\\/\\\/www.villagiuliahotel.it\\\/de\\\/?s={search_term_string}\"},\"query-input\":{\"@type\":\"PropertyValueSpecification\",\"valueRequired\":true,\"valueName\":\"search_term_string\"}}],\"inLanguage\":\"de\"},{\"@type\":\"Organization\",\"@id\":\"https:\\\/\\\/www.villagiuliahotel.it\\\/de\\\/#organization\",\"name\":\"Hotel Villa Giulia\",\"url\":\"https:\\\/\\\/www.villagiuliahotel.it\\\/de\\\/\",\"logo\":{\"@type\":\"ImageObject\",\"inLanguage\":\"de\",\"@id\":\"https:\\\/\\\/www.villagiuliahotel.it\\\/de\\\/#\\\/schema\\\/logo\\\/image\\\/\",\"url\":\"https:\\\/\\\/www.villagiuliahotel.it\\\/wp-content\\\/uploads\\\/2024\\\/04\\\/logo-villagiulia.png\",\"contentUrl\":\"https:\\\/\\\/www.villagiuliahotel.it\\\/wp-content\\\/uploads\\\/2024\\\/04\\\/logo-villagiulia.png\",\"width\":400,\"height\":150,\"caption\":\"Hotel Villa Giulia\"},\"image\":{\"@id\":\"https:\\\/\\\/www.villagiuliahotel.it\\\/de\\\/#\\\/schema\\\/logo\\\/image\\\/\"},\"sameAs\":[\"https:\\\/\\\/www.facebook.com\\\/hotelvillagiuliaelba\",\"https:\\\/\\\/www.instagram.com\\\/hotelvillagiuliaelba\\\/\"]}]}<\/script>\n<!-- \/ Yoast SEO plugin. -->","yoast_head_json":{"title":"Insel Elba - Hotel Villa Giulia","robots":{"index":"index","follow":"follow","max-snippet":"max-snippet:-1","max-image-preview":"max-image-preview:large","max-video-preview":"max-video-preview:-1"},"canonical":"https:\/\/www.villagiuliahotel.it\/de\/insel-elba\/","og_locale":"de_DE","og_type":"article","og_title":"Insel Elba - Hotel Villa Giulia","og_description":"Insel Elba Die Insel geh\u00f6rt zu den beliebtesten Reisezielen Europas. Die Vielfalt ihrer Landschaften und die Sch\u00f6nheit ihrer Str\u00e4nde machen sie zu einer der wahren Perlen [\u2026]","og_url":"https:\/\/www.villagiuliahotel.it\/de\/insel-elba\/","og_site_name":"Hotel Villa Giulia","article_publisher":"https:\/\/www.facebook.com\/hotelvillagiuliaelba","article_modified_time":"2026-05-08T07:26:28+00:00","og_image":[{"url":"http:\/\/villagiulia.youelba.com\/wp-content\/uploads\/2026\/04\/DSC_4293-768x512.jpg","type":"","width":"","height":""}],"twitter_card":"summary_large_image","twitter_misc":{"Gesch\u00e4tzte Lesezeit":"1\u00a0Minute"},"schema":{"@context":"https:\/\/schema.org","@graph":[{"@type":"WebPage","@id":"https:\/\/www.villagiuliahotel.it\/de\/insel-elba\/","url":"https:\/\/www.villagiuliahotel.it\/de\/insel-elba\/","name":"Insel Elba - Hotel Villa Giulia","isPartOf":{"@id":"https:\/\/www.villagiuliahotel.it\/de\/#website"},"primaryImageOfPage":{"@id":"https:\/\/www.villagiuliahotel.it\/de\/insel-elba\/#primaryimage"},"image":{"@id":"https:\/\/www.villagiuliahotel.it\/de\/insel-elba\/#primaryimage"},"thumbnailUrl":"http:\/\/villagiulia.youelba.com\/wp-content\/uploads\/2026\/04\/DSC_4293-768x512.jpg","datePublished":"2026-04-08T10:48:14+00:00","dateModified":"2026-05-08T07:26:28+00:00","breadcrumb":{"@id":"https:\/\/www.villagiuliahotel.it\/de\/insel-elba\/#breadcrumb"},"inLanguage":"de","potentialAction":[{"@type":"ReadAction","target":["https:\/\/www.villagiuliahotel.it\/de\/insel-elba\/"]}]},{"@type":"ImageObject","inLanguage":"de","@id":"https:\/\/www.villagiuliahotel.it\/de\/insel-elba\/#primaryimage","url":"http:\/\/villagiulia.youelba.com\/wp-content\/uploads\/2026\/04\/DSC_4293-768x512.jpg","contentUrl":"http:\/\/villagiulia.youelba.com\/wp-content\/uploads\/2026\/04\/DSC_4293-768x512.jpg"},{"@type":"BreadcrumbList","@id":"https:\/\/www.villagiuliahotel.it\/de\/insel-elba\/#breadcrumb","itemListElement":[{"@type":"ListItem","position":1,"name":"Home","item":"https:\/\/www.villagiuliahotel.it\/de\/home\/"},{"@type":"ListItem","position":2,"name":"Insel Elba"}]},{"@type":"WebSite","@id":"https:\/\/www.villagiuliahotel.it\/de\/#website","url":"https:\/\/www.villagiuliahotel.it\/de\/","name":"Hotel Villa Giulia","description":"Hotel all&#039;Isola d&#039;Elba nella splendida posizione panoramica sul Lido di Capoliveri","publisher":{"@id":"https:\/\/www.villagiuliahotel.it\/de\/#organization"},"potentialAction":[{"@type":"SearchAction","target":{"@type":"EntryPoint","urlTemplate":"https:\/\/www.villagiuliahotel.it\/de\/?s={search_term_string}"},"query-input":{"@type":"PropertyValueSpecification","valueRequired":true,"valueName":"search_term_string"}}],"inLanguage":"de"},{"@type":"Organization","@id":"https:\/\/www.villagiuliahotel.it\/de\/#organization","name":"Hotel Villa Giulia","url":"https:\/\/www.villagiuliahotel.it\/de\/","logo":{"@type":"ImageObject","inLanguage":"de","@id":"https:\/\/www.villagiuliahotel.it\/de\/#\/schema\/logo\/image\/","url":"https:\/\/www.villagiuliahotel.it\/wp-content\/uploads\/2024\/04\/logo-villagiulia.png","contentUrl":"https:\/\/www.villagiuliahotel.it\/wp-content\/uploads\/2024\/04\/logo-villagiulia.png","width":400,"height":150,"caption":"Hotel Villa Giulia"},"image":{"@id":"https:\/\/www.villagiuliahotel.it\/de\/#\/schema\/logo\/image\/"},"sameAs":["https:\/\/www.facebook.com\/hotelvillagiuliaelba","https:\/\/www.instagram.com\/hotelvillagiuliaelba\/"]}]}},"_links":{"self":[{"href":"https:\/\/www.villagiuliahotel.it\/de\/wp-json\/wp\/v2\/pages\/1288","targetHints":{"allow":["GET"]}}],"collection":[{"href":"https:\/\/www.villagiuliahotel.it\/de\/wp-json\/wp\/v2\/pages"}],"about":[{"href":"https:\/\/www.villagiuliahotel.it\/de\/wp-json\/wp\/v2\/types\/page"}],"author":[{"embeddable":true,"href":"https:\/\/www.villagiuliahotel.it\/de\/wp-json\/wp\/v2\/users\/1"}],"replies":[{"embeddable":true,"href":"https:\/\/www.villagiuliahotel.it\/de\/wp-json\/wp\/v2\/comments?post=1288"}],"version-history":[{"count":7,"href":"https:\/\/www.villagiuliahotel.it\/de\/wp-json\/wp\/v2\/pages\/1288\/revisions"}],"predecessor-version":[{"id":1723,"href":"https:\/\/www.villagiuliahotel.it\/de\/wp-json\/wp\/v2\/pages\/1288\/revisions\/1723"}],"wp:attachment":[{"href":"https:\/\/www.villagiuliahotel.it\/de\/wp-json\/wp\/v2\/media?parent=1288"}],"curies":[{"name":"wp","href":"https:\/\/api.w.org\/{rel}","templated":true}]}}