{"id":1292,"date":"2026-04-21T16:30:11","date_gmt":"2026-04-21T14:30:11","guid":{"rendered":"http:\/\/villagiulia.youelba.com\/isola-delba\/escursioni-e-natura\/"},"modified":"2026-05-08T09:28:39","modified_gmt":"2026-05-08T07:28:39","slug":"ausfluge-und-natur","status":"publish","type":"page","link":"https:\/\/www.villagiuliahotel.it\/de\/insel-elba\/ausfluge-und-natur\/","title":{"rendered":"Ausfl\u00fcge und Natur"},"content":{"rendered":"\t\t<div data-elementor-type=\"wp-page\" data-elementor-id=\"1292\" class=\"elementor elementor-1292 elementor-1042\" data-elementor-post-type=\"page\">\n\t\t\t\t<div class=\"elementor-element elementor-element-88ff1bf e-con-full e-flex e-con e-parent\" data-id=\"88ff1bf\" data-element_type=\"container\" data-e-type=\"container\" data-settings=\"{&quot;background_background&quot;:&quot;classic&quot;}\">\n\t\t<div class=\"elementor-element elementor-element-c79f22e e-con-full e-flex e-con e-child\" data-id=\"c79f22e\" data-element_type=\"container\" data-e-type=\"container\">\n\t\t<div class=\"elementor-element elementor-element-3952404 e-con-full e-flex e-con e-child\" data-id=\"3952404\" data-element_type=\"container\" data-e-type=\"container\">\n\t\t<div class=\"elementor-element elementor-element-e79232c e-con-full e-flex e-con e-child\" data-id=\"e79232c\" data-element_type=\"container\" data-e-type=\"container\">\n\t\t\t\t<div class=\"elementor-element elementor-element-d6a55b2 elementor-widget elementor-widget-text-editor\" data-id=\"d6a55b2\" data-element_type=\"widget\" data-e-type=\"widget\" data-widget_type=\"text-editor.default\">\n\t\t\t\t<div class=\"elementor-widget-container\">\n\t\t\t\t\t\t\t\t\t<h2><span style=\"color: #f5f5f5;\">Ausfl\u00fcge und natur<\/span><\/h2>\t\t\t\t\t\t\t\t<\/div>\n\t\t\t\t<\/div>\n\t\t\t\t<\/div>\n\t\t\t\t<\/div>\n\t\t\t\t<\/div>\n\t\t\t\t<\/div>\n\t\t<div class=\"elementor-element elementor-element-17f1943 e-con-full e-flex e-con e-parent\" data-id=\"17f1943\" data-element_type=\"container\" data-e-type=\"container\">\n\t\t<div class=\"elementor-element elementor-element-720ddfa e-con-full e-flex e-con e-child\" data-id=\"720ddfa\" data-element_type=\"container\" data-e-type=\"container\">\n\t\t\t\t<div class=\"elementor-element elementor-element-7d3f03c elementor-widget elementor-widget-text-editor\" data-id=\"7d3f03c\" data-element_type=\"widget\" data-e-type=\"widget\" data-widget_type=\"text-editor.default\">\n\t\t\t\t<div class=\"elementor-widget-container\">\n\t\t\t\t\t\t\t\t\t<h3 data-start=\"427\" data-end=\"1094\">Ausfl\u00fcge und Natur auf der Insel Elba<\/h3><p>Ein Aufenthalt im Hotel Villa Giulia bedeutet, einen privilegierten Ausgangspunkt zu w\u00e4hlen, um eine der faszinierendsten Gegenden der Isola d&#8217;Elba zu entdecken. Zwischen dem Gr\u00fcn von Lido di Capoliveri, der N\u00e4he zu Porto Azzurro und der authentischen Atmosph\u00e4re von Capoliveri erleben G\u00e4ste jeden Tag neue Eindr\u00fccke \u2013 zwischen Meer, Naturwanderungen, Panorama-Ausfl\u00fcgen und Entdeckungen rund um die Geschichte und Landschaft der Insel. Hier bedeutet Urlaub nicht nur Entspannung am Strand, sondern auch die Freiheit, eine Gegend voller Aussichtspunkte, mediterraner D\u00fcfte und beeindruckender Orte zu erkunden, die zu jeder Jahreszeit begeistern.<\/p><p>F\u00fcr Wanderliebhaber bieten die Umgebung zahlreiche M\u00f6glichkeiten mit Wegen am Meer, H\u00fcgelpfaden und Routen durch die mediterrane Macchia. Das Gebiet des Monte Calamita geh\u00f6rt zu den eindrucksvollsten Orten der Insel: eine einzigartige Landschaft, in der sich Natur und die Bergbaugeschichte Elbas miteinander verbinden und weite Meerblicke, versteckte Buchten und faszinierende Pl\u00e4tze entstehen lassen. Ideal f\u00fcr alle, die Bewegung, Ruhe und Sch\u00f6nheit miteinander verbinden m\u00f6chten, aber auch f\u00fcr G\u00e4ste, die einfach einen entspannten Spaziergang zwischen intensiven Farben, Wacholderduft und Blicken \u00fcber den Golf von Stella genie\u00dfen m\u00f6chten.<\/p>\t\t\t\t\t\t\t\t<\/div>\n\t\t\t\t<\/div>\n\t\t\t\t<\/div>\n\t\t<div class=\"elementor-element elementor-element-a414802 e-con-full e-flex e-con e-child\" data-id=\"a414802\" data-element_type=\"container\" data-e-type=\"container\">\n\t\t\t\t<div class=\"elementor-element elementor-element-a1ead26 elementor-widget elementor-widget-image\" data-id=\"a1ead26\" data-element_type=\"widget\" data-e-type=\"widget\" data-widget_type=\"image.default\">\n\t\t\t\t<div class=\"elementor-widget-container\">\n\t\t\t\t\t\t\t\t\t\t\t\t\t\t\t<img fetchpriority=\"high\" decoding=\"async\" width=\"768\" height=\"576\" src=\"https:\/\/www.villagiuliahotel.it\/wp-content\/uploads\/2026\/04\/sentiero-205-trekking-sopra-monserrato-0335-57-768x576.jpg\" class=\"attachment-medium_large size-medium_large wp-image-1293\" alt=\"\" srcset=\"https:\/\/www.villagiuliahotel.it\/wp-content\/uploads\/2026\/04\/sentiero-205-trekking-sopra-monserrato-0335-57-768x576.jpg 768w, https:\/\/www.villagiuliahotel.it\/wp-content\/uploads\/2026\/04\/sentiero-205-trekking-sopra-monserrato-0335-57-1536x1152.jpg 1536w, https:\/\/www.villagiuliahotel.it\/wp-content\/uploads\/2026\/04\/sentiero-205-trekking-sopra-monserrato-0335-57-100x75.jpg 100w, https:\/\/www.villagiuliahotel.it\/wp-content\/uploads\/2026\/04\/sentiero-205-trekking-sopra-monserrato-0335-57-480x360.jpg 480w, https:\/\/www.villagiuliahotel.it\/wp-content\/uploads\/2026\/04\/sentiero-205-trekking-sopra-monserrato-0335-57.jpg 1920w\" sizes=\"(max-width:767px) 480px, (max-width:768px) 100vw, 768px\" \/>\t\t\t\t\t\t\t\t\t\t\t\t\t\t\t<\/div>\n\t\t\t\t<\/div>\n\t\t\t\t<\/div>\n\t\t\t\t<\/div>\n\t\t<div class=\"elementor-element elementor-element-5e19a28 e-con-full e-flex e-con e-parent\" data-id=\"5e19a28\" data-element_type=\"container\" data-e-type=\"container\">\n\t\t<div class=\"elementor-element elementor-element-4a29a3a e-con-full e-flex e-con e-child\" data-id=\"4a29a3a\" data-element_type=\"container\" data-e-type=\"container\">\n\t\t\t\t<div class=\"elementor-element elementor-element-36eaad1 elementor-widget elementor-widget-text-editor\" data-id=\"36eaad1\" data-element_type=\"widget\" data-e-type=\"widget\" data-widget_type=\"text-editor.default\">\n\t\t\t\t<div class=\"elementor-widget-container\">\n\t\t\t\t\t\t\t\t\t<h5 data-start=\"1802\" data-end=\"2619\">Zwischen Capoliveri, Porto Azzurro und dem Golf von Stella \u2013 Panoramawege, D\u00f6rfer, Minen und versteckte Buchten inmitten mediterraner Natur<\/h5><p>Die Natur dieser Region zeigt sich auch in ihren au\u00dfergew\u00f6hnlichen Landschaften. Die Minen von Capoliveri und der Monte Calamita geh\u00f6ren zu den charakteristischsten Erlebnissen der Gegend \u2013 nicht nur wegen ihrer historischen Bedeutung, sondern auch wegen der besonderen Atmosph\u00e4re zwischen roter Erde, Felsen, Meer und Vegetation. Hinzu kommen eindrucksvolle Orte wie das Santuario della Madonna di Monserrato, ideal f\u00fcr eine ruhige Panorama-Pause, oder das Feuchtgebiet von Mola, perfekt f\u00fcr alle, die die Natur in Ruhe beobachten und die authentischere Seite Elbas entdecken m\u00f6chten. Diese Erlebnisse bereichern den Aufenthalt und erm\u00f6glichen es, die Insel auch abseits ihrer bekanntesten Str\u00e4nde kennenzulernen.<\/p><p>Auch G\u00e4ste, die die Umgebung aktiver erleben m\u00f6chten, finden hier ideale Bedingungen. Die Gegend um Capoliveri ist besonders beliebt bei Mountainbike- und E-Bike-Fans dank eines weitl\u00e4ufigen Wegenetzes mitten in der Natur und mit Blick auf das Meer. Eine spannende und abwechslungsreiche M\u00f6glichkeit, die Landschaft zu entdecken \u2013 sowohl f\u00fcr Sportbegeisterte als auch f\u00fcr G\u00e4ste, die die Insel in ihrem eigenen Tempo erkunden m\u00f6chten, mit Stopps an Aussichtspunkten, versteckten Buchten oder einfach, um die Ruhe der H\u00fcgel zu genie\u00dfen.<\/p><p>Neben der wilden Natur bietet die Region auch den Charme ihrer D\u00f6rfer und gem\u00fctlichen Spazierg\u00e4nge. Capoliveri mit seinem historischen Ortskern, den Panorama-Gassen und der lebendigen Atmosph\u00e4re eignet sich perfekt, um einen Ausflugstag zwischen kleinen Gesch\u00e4ften, Pl\u00e4tzen und Meerblick ausklingen zu lassen. Porto Azzurro l\u00e4dt dagegen zu entspannten Spazierg\u00e4ngen entlang der Uferpromenade zwischen Gesch\u00e4ften, Restaurants und gem\u00fctlichen Pl\u00e4tzen ein. Genau diese Vielfalt macht die Gegend so besonders: Innerhalb weniger Minuten gelangt man vom Strand zu Wanderwegen, von H\u00fcgeln zu D\u00f6rfern, von Naturerlebnissen zu einem Aperitif mit Blick auf den Hafen.<\/p><p>F\u00fcr die G\u00e4ste des Hotel Villa Giulia bedeutet all dies die M\u00f6glichkeit, einen ganz individuellen Urlaub zu gestalten \u2013 voller abwechslungsreicher Tage, verbunden durch einen gemeinsamen roten Faden: die N\u00e4he zur nat\u00fcrlichen Sch\u00f6nheit der Insel Elba. Panorama-Ausfl\u00fcge, Wege im Gr\u00fcnen, Bergbau-Landschaften, stille Buchten und charmante D\u00f6rfer machen jeden Aufenthalt noch authentischer und unvergesslicher und verwandeln jede Entdeckung in eine Erinnerung, die lange bleibt.<\/p>\t\t\t\t\t\t\t\t<\/div>\n\t\t\t\t<\/div>\n\t\t\t\t<\/div>\n\t\t<div class=\"elementor-element elementor-element-067315e e-con-full e-flex e-con e-child\" data-id=\"067315e\" data-element_type=\"container\" data-e-type=\"container\">\n\t\t\t\t<div class=\"elementor-element elementor-element-226af25 elementor-widget elementor-widget-image\" data-id=\"226af25\" data-element_type=\"widget\" data-e-type=\"widget\" data-widget_type=\"image.default\">\n\t\t\t\t<div class=\"elementor-widget-container\">\n\t\t\t\t\t\t\t\t\t\t\t\t\t\t\t<img decoding=\"async\" width=\"768\" height=\"576\" src=\"https:\/\/www.villagiuliahotel.it\/wp-content\/uploads\/2026\/04\/sentiero-205-trekking-sopra-monserrato-0394-76-768x576.jpg\" class=\"attachment-medium_large size-medium_large wp-image-1533\" alt=\"\" srcset=\"https:\/\/www.villagiuliahotel.it\/wp-content\/uploads\/2026\/04\/sentiero-205-trekking-sopra-monserrato-0394-76-768x576.jpg 768w, https:\/\/www.villagiuliahotel.it\/wp-content\/uploads\/2026\/04\/sentiero-205-trekking-sopra-monserrato-0394-76-1536x1152.jpg 1536w, https:\/\/www.villagiuliahotel.it\/wp-content\/uploads\/2026\/04\/sentiero-205-trekking-sopra-monserrato-0394-76-100x75.jpg 100w, https:\/\/www.villagiuliahotel.it\/wp-content\/uploads\/2026\/04\/sentiero-205-trekking-sopra-monserrato-0394-76-480x360.jpg 480w, https:\/\/www.villagiuliahotel.it\/wp-content\/uploads\/2026\/04\/sentiero-205-trekking-sopra-monserrato-0394-76.jpg 1920w\" sizes=\"(max-width:767px) 480px, (max-width:768px) 100vw, 768px\" \/>\t\t\t\t\t\t\t\t\t\t\t\t\t\t\t<\/div>\n\t\t\t\t<\/div>\n\t\t\t\t<div class=\"elementor-element elementor-element-306954f elementor-widget elementor-widget-image\" data-id=\"306954f\" data-element_type=\"widget\" data-e-type=\"widget\" data-widget_type=\"image.default\">\n\t\t\t\t<div class=\"elementor-widget-container\">\n\t\t\t\t\t\t\t\t\t\t\t\t\t\t\t<img decoding=\"async\" width=\"768\" height=\"432\" src=\"https:\/\/www.villagiuliahotel.it\/wp-content\/uploads\/2026\/04\/bike-miniere-capoliveri-5723-61-768x432.jpg\" class=\"attachment-medium_large size-medium_large wp-image-1534\" alt=\"\" srcset=\"https:\/\/www.villagiuliahotel.it\/wp-content\/uploads\/2026\/04\/bike-miniere-capoliveri-5723-61-768x432.jpg 768w, https:\/\/www.villagiuliahotel.it\/wp-content\/uploads\/2026\/04\/bike-miniere-capoliveri-5723-61-1536x864.jpg 1536w, https:\/\/www.villagiuliahotel.it\/wp-content\/uploads\/2026\/04\/bike-miniere-capoliveri-5723-61-133x75.jpg 133w, https:\/\/www.villagiuliahotel.it\/wp-content\/uploads\/2026\/04\/bike-miniere-capoliveri-5723-61-1200x675.jpg 1200w, https:\/\/www.villagiuliahotel.it\/wp-content\/uploads\/2026\/04\/bike-miniere-capoliveri-5723-61-480x270.jpg 480w, https:\/\/www.villagiuliahotel.it\/wp-content\/uploads\/2026\/04\/bike-miniere-capoliveri-5723-61.jpg 1920w\" sizes=\"(max-width:767px) 480px, (max-width:768px) 100vw, 768px\" \/>\t\t\t\t\t\t\t\t\t\t\t\t\t\t\t<\/div>\n\t\t\t\t<\/div>\n\t\t\t\t<\/div>\n\t\t\t\t<\/div>\n\t\t<div class=\"elementor-element elementor-element-19610a2 e-flex e-con-boxed e-con e-parent\" data-id=\"19610a2\" data-element_type=\"container\" data-e-type=\"container\" data-settings=\"{&quot;background_background&quot;:&quot;classic&quot;}\">\n\t\t\t\t\t<div class=\"e-con-inner\">\n\t\t<div class=\"elementor-element elementor-element-a4bc1f6 e-con-full e-flex e-con e-child\" data-id=\"a4bc1f6\" data-element_type=\"container\" data-e-type=\"container\">\n\t\t<div class=\"elementor-element elementor-element-40bc024 e-con-full e-flex e-con e-child\" data-id=\"40bc024\" data-element_type=\"container\" data-e-type=\"container\" data-settings=\"{&quot;background_background&quot;:&quot;classic&quot;}\">\n\t\t<div class=\"elementor-element elementor-element-7365e6c e-con-full e-flex e-con e-child\" data-id=\"7365e6c\" data-element_type=\"container\" data-e-type=\"container\">\n\t\t\t\t<div class=\"elementor-element elementor-element-552dcf3 elementor-widget elementor-widget-image\" data-id=\"552dcf3\" data-element_type=\"widget\" data-e-type=\"widget\" data-widget_type=\"image.default\">\n\t\t\t\t<div class=\"elementor-widget-container\">\n\t\t\t\t\t\t\t\t\t\t\t\t\t\t\t<img decoding=\"async\" src=\"https:\/\/www.villagiuliahotel.it\/wp-content\/uploads\/2022\/02\/business5-home-envelope.svg\" title=\"\" alt=\"\" loading=\"lazy\" \/>\t\t\t\t\t\t\t\t\t\t\t\t\t\t\t<\/div>\n\t\t\t\t<\/div>\n\t\t\t\t<\/div>\n\t\t<div class=\"elementor-element elementor-element-0323454 e-con-full e-flex e-con e-child\" data-id=\"0323454\" data-element_type=\"container\" data-e-type=\"container\">\n\t\t\t\t<div class=\"elementor-element elementor-element-08ffd39 elementor-widget elementor-widget-text-editor\" data-id=\"08ffd39\" data-element_type=\"widget\" data-e-type=\"widget\" data-widget_type=\"text-editor.default\">\n\t\t\t\t<div class=\"elementor-widget-container\">\n\t\t\t\t\t\t\t\t\t<h4><span style=\"color: #f5f5f5;\">M\u00f6chten Sie Informationen erhalten oder einen Urlaub in unserem Hotel buchen?<\/span><\/h4>\t\t\t\t\t\t\t\t<\/div>\n\t\t\t\t<\/div>\n\t\t\t\t<div class=\"elementor-element elementor-element-1a06b52 elementor-button-info elementor-widget elementor-widget-button\" data-id=\"1a06b52\" data-element_type=\"widget\" data-e-type=\"widget\" data-widget_type=\"button.default\">\n\t\t\t\t<div class=\"elementor-widget-container\">\n\t\t\t\t\t\t\t\t\t<div class=\"elementor-button-wrapper\">\n\t\t\t\t\t<a class=\"elementor-button elementor-button-link elementor-size-sm\" href=\"\/de\/kontakte\/\">\n\t\t\t\t\t\t<span class=\"elementor-button-content-wrapper\">\n\t\t\t\t\t\t\t\t\t<span class=\"elementor-button-text\">ANFRAGE SENDEN<\/span>\n\t\t\t\t\t<\/span>\n\t\t\t\t\t<\/a>\n\t\t\t\t<\/div>\n\t\t\t\t\t\t\t\t<\/div>\n\t\t\t\t<\/div>\n\t\t\t\t<\/div>\n\t\t<div class=\"elementor-element elementor-element-68c1a42 e-con-full e-flex e-con e-child\" data-id=\"68c1a42\" data-element_type=\"container\" data-e-type=\"container\">\n\t\t\t\t<\/div>\n\t\t\t\t<\/div>\n\t\t\t\t<\/div>\n\t\t\t\t\t<\/div>\n\t\t\t\t<\/div>\n\t\t\t\t<\/div>\n\t\t","protected":false},"excerpt":{"rendered":"<p>Ausfl\u00fcge und natur Ausfl\u00fcge und Natur auf der Insel Elba Ein Aufenthalt im Hotel Villa Giulia bedeutet, einen privilegierten Ausgangspunkt zu w\u00e4hlen, um eine der faszinierendsten<span class=\"excerpt-hellip\"> [\u2026]<\/span><\/p>\n","protected":false},"author":1,"featured_media":0,"parent":1288,"menu_order":0,"comment_status":"closed","ping_status":"closed","template":"","meta":{"footnotes":""},"class_list":["post-1292","page","type-page","status-publish","hentry"],"yoast_head":"<!-- This site is optimized with the Yoast SEO plugin v27.6 - https:\/\/yoast.com\/product\/yoast-seo-wordpress\/ -->\n<title>Ausfl\u00fcge und Natur - Hotel Villa Giulia<\/title>\n<meta name=\"robots\" content=\"index, follow, max-snippet:-1, max-image-preview:large, max-video-preview:-1\" \/>\n<link rel=\"canonical\" href=\"https:\/\/www.villagiuliahotel.it\/de\/insel-elba\/ausfluge-und-natur\/\" \/>\n<meta property=\"og:locale\" content=\"de_DE\" \/>\n<meta property=\"og:type\" content=\"article\" \/>\n<meta property=\"og:title\" content=\"Ausfl\u00fcge und Natur - Hotel Villa Giulia\" \/>\n<meta property=\"og:description\" content=\"Ausfl\u00fcge und natur Ausfl\u00fcge und Natur auf der Insel Elba Ein Aufenthalt im Hotel Villa Giulia bedeutet, einen privilegierten Ausgangspunkt zu w\u00e4hlen, um eine der faszinierendsten [\u2026]\" \/>\n<meta property=\"og:url\" content=\"https:\/\/www.villagiuliahotel.it\/de\/insel-elba\/ausfluge-und-natur\/\" \/>\n<meta property=\"og:site_name\" content=\"Hotel Villa Giulia\" \/>\n<meta property=\"article:publisher\" content=\"https:\/\/www.facebook.com\/hotelvillagiuliaelba\" \/>\n<meta property=\"article:modified_time\" content=\"2026-05-08T07:28:39+00:00\" \/>\n<meta property=\"og:image\" content=\"http:\/\/villagiulia.youelba.com\/wp-content\/uploads\/2026\/04\/sentiero-205-trekking-sopra-monserrato-0335-57-768x576.jpg\" \/>\n<meta name=\"twitter:card\" content=\"summary_large_image\" \/>\n<meta name=\"twitter:label1\" content=\"Gesch\u00e4tzte Lesezeit\" \/>\n\t<meta name=\"twitter:data1\" content=\"3\u00a0Minuten\" \/>\n<script type=\"application\/ld+json\" class=\"yoast-schema-graph\">{\"@context\":\"https:\\\/\\\/schema.org\",\"@graph\":[{\"@type\":\"WebPage\",\"@id\":\"https:\\\/\\\/www.villagiuliahotel.it\\\/de\\\/insel-elba\\\/ausfluge-und-natur\\\/\",\"url\":\"https:\\\/\\\/www.villagiuliahotel.it\\\/de\\\/insel-elba\\\/ausfluge-und-natur\\\/\",\"name\":\"Ausfl\u00fcge und Natur - Hotel Villa Giulia\",\"isPartOf\":{\"@id\":\"https:\\\/\\\/www.villagiuliahotel.it\\\/de\\\/#website\"},\"primaryImageOfPage\":{\"@id\":\"https:\\\/\\\/www.villagiuliahotel.it\\\/de\\\/insel-elba\\\/ausfluge-und-natur\\\/#primaryimage\"},\"image\":{\"@id\":\"https:\\\/\\\/www.villagiuliahotel.it\\\/de\\\/insel-elba\\\/ausfluge-und-natur\\\/#primaryimage\"},\"thumbnailUrl\":\"http:\\\/\\\/villagiulia.youelba.com\\\/wp-content\\\/uploads\\\/2026\\\/04\\\/sentiero-205-trekking-sopra-monserrato-0335-57-768x576.jpg\",\"datePublished\":\"2026-04-21T14:30:11+00:00\",\"dateModified\":\"2026-05-08T07:28:39+00:00\",\"breadcrumb\":{\"@id\":\"https:\\\/\\\/www.villagiuliahotel.it\\\/de\\\/insel-elba\\\/ausfluge-und-natur\\\/#breadcrumb\"},\"inLanguage\":\"de\",\"potentialAction\":[{\"@type\":\"ReadAction\",\"target\":[\"https:\\\/\\\/www.villagiuliahotel.it\\\/de\\\/insel-elba\\\/ausfluge-und-natur\\\/\"]}]},{\"@type\":\"ImageObject\",\"inLanguage\":\"de\",\"@id\":\"https:\\\/\\\/www.villagiuliahotel.it\\\/de\\\/insel-elba\\\/ausfluge-und-natur\\\/#primaryimage\",\"url\":\"http:\\\/\\\/villagiulia.youelba.com\\\/wp-content\\\/uploads\\\/2026\\\/04\\\/sentiero-205-trekking-sopra-monserrato-0335-57-768x576.jpg\",\"contentUrl\":\"http:\\\/\\\/villagiulia.youelba.com\\\/wp-content\\\/uploads\\\/2026\\\/04\\\/sentiero-205-trekking-sopra-monserrato-0335-57-768x576.jpg\"},{\"@type\":\"BreadcrumbList\",\"@id\":\"https:\\\/\\\/www.villagiuliahotel.it\\\/de\\\/insel-elba\\\/ausfluge-und-natur\\\/#breadcrumb\",\"itemListElement\":[{\"@type\":\"ListItem\",\"position\":1,\"name\":\"Home\",\"item\":\"https:\\\/\\\/www.villagiuliahotel.it\\\/de\\\/home\\\/\"},{\"@type\":\"ListItem\",\"position\":2,\"name\":\"Insel Elba\",\"item\":\"https:\\\/\\\/www.villagiuliahotel.it\\\/de\\\/insel-elba\\\/\"},{\"@type\":\"ListItem\",\"position\":3,\"name\":\"Ausfl\u00fcge und Natur\"}]},{\"@type\":\"WebSite\",\"@id\":\"https:\\\/\\\/www.villagiuliahotel.it\\\/de\\\/#website\",\"url\":\"https:\\\/\\\/www.villagiuliahotel.it\\\/de\\\/\",\"name\":\"Hotel Villa Giulia\",\"description\":\"Hotel all&#039;Isola d&#039;Elba nella splendida posizione panoramica sul Lido di Capoliveri\",\"publisher\":{\"@id\":\"https:\\\/\\\/www.villagiuliahotel.it\\\/de\\\/#organization\"},\"potentialAction\":[{\"@type\":\"SearchAction\",\"target\":{\"@type\":\"EntryPoint\",\"urlTemplate\":\"https:\\\/\\\/www.villagiuliahotel.it\\\/de\\\/?s={search_term_string}\"},\"query-input\":{\"@type\":\"PropertyValueSpecification\",\"valueRequired\":true,\"valueName\":\"search_term_string\"}}],\"inLanguage\":\"de\"},{\"@type\":\"Organization\",\"@id\":\"https:\\\/\\\/www.villagiuliahotel.it\\\/de\\\/#organization\",\"name\":\"Hotel Villa Giulia\",\"url\":\"https:\\\/\\\/www.villagiuliahotel.it\\\/de\\\/\",\"logo\":{\"@type\":\"ImageObject\",\"inLanguage\":\"de\",\"@id\":\"https:\\\/\\\/www.villagiuliahotel.it\\\/de\\\/#\\\/schema\\\/logo\\\/image\\\/\",\"url\":\"https:\\\/\\\/www.villagiuliahotel.it\\\/wp-content\\\/uploads\\\/2024\\\/04\\\/logo-villagiulia.png\",\"contentUrl\":\"https:\\\/\\\/www.villagiuliahotel.it\\\/wp-content\\\/uploads\\\/2024\\\/04\\\/logo-villagiulia.png\",\"width\":400,\"height\":150,\"caption\":\"Hotel Villa Giulia\"},\"image\":{\"@id\":\"https:\\\/\\\/www.villagiuliahotel.it\\\/de\\\/#\\\/schema\\\/logo\\\/image\\\/\"},\"sameAs\":[\"https:\\\/\\\/www.facebook.com\\\/hotelvillagiuliaelba\",\"https:\\\/\\\/www.instagram.com\\\/hotelvillagiuliaelba\\\/\"]}]}<\/script>\n<!-- \/ Yoast SEO plugin. -->","yoast_head_json":{"title":"Ausfl\u00fcge und Natur - Hotel Villa Giulia","robots":{"index":"index","follow":"follow","max-snippet":"max-snippet:-1","max-image-preview":"max-image-preview:large","max-video-preview":"max-video-preview:-1"},"canonical":"https:\/\/www.villagiuliahotel.it\/de\/insel-elba\/ausfluge-und-natur\/","og_locale":"de_DE","og_type":"article","og_title":"Ausfl\u00fcge und Natur - Hotel Villa Giulia","og_description":"Ausfl\u00fcge und natur Ausfl\u00fcge und Natur auf der Insel Elba Ein Aufenthalt im Hotel Villa Giulia bedeutet, einen privilegierten Ausgangspunkt zu w\u00e4hlen, um eine der faszinierendsten [\u2026]","og_url":"https:\/\/www.villagiuliahotel.it\/de\/insel-elba\/ausfluge-und-natur\/","og_site_name":"Hotel Villa Giulia","article_publisher":"https:\/\/www.facebook.com\/hotelvillagiuliaelba","article_modified_time":"2026-05-08T07:28:39+00:00","og_image":[{"url":"http:\/\/villagiulia.youelba.com\/wp-content\/uploads\/2026\/04\/sentiero-205-trekking-sopra-monserrato-0335-57-768x576.jpg","type":"","width":"","height":""}],"twitter_card":"summary_large_image","twitter_misc":{"Gesch\u00e4tzte Lesezeit":"3\u00a0Minuten"},"schema":{"@context":"https:\/\/schema.org","@graph":[{"@type":"WebPage","@id":"https:\/\/www.villagiuliahotel.it\/de\/insel-elba\/ausfluge-und-natur\/","url":"https:\/\/www.villagiuliahotel.it\/de\/insel-elba\/ausfluge-und-natur\/","name":"Ausfl\u00fcge und Natur - Hotel Villa Giulia","isPartOf":{"@id":"https:\/\/www.villagiuliahotel.it\/de\/#website"},"primaryImageOfPage":{"@id":"https:\/\/www.villagiuliahotel.it\/de\/insel-elba\/ausfluge-und-natur\/#primaryimage"},"image":{"@id":"https:\/\/www.villagiuliahotel.it\/de\/insel-elba\/ausfluge-und-natur\/#primaryimage"},"thumbnailUrl":"http:\/\/villagiulia.youelba.com\/wp-content\/uploads\/2026\/04\/sentiero-205-trekking-sopra-monserrato-0335-57-768x576.jpg","datePublished":"2026-04-21T14:30:11+00:00","dateModified":"2026-05-08T07:28:39+00:00","breadcrumb":{"@id":"https:\/\/www.villagiuliahotel.it\/de\/insel-elba\/ausfluge-und-natur\/#breadcrumb"},"inLanguage":"de","potentialAction":[{"@type":"ReadAction","target":["https:\/\/www.villagiuliahotel.it\/de\/insel-elba\/ausfluge-und-natur\/"]}]},{"@type":"ImageObject","inLanguage":"de","@id":"https:\/\/www.villagiuliahotel.it\/de\/insel-elba\/ausfluge-und-natur\/#primaryimage","url":"http:\/\/villagiulia.youelba.com\/wp-content\/uploads\/2026\/04\/sentiero-205-trekking-sopra-monserrato-0335-57-768x576.jpg","contentUrl":"http:\/\/villagiulia.youelba.com\/wp-content\/uploads\/2026\/04\/sentiero-205-trekking-sopra-monserrato-0335-57-768x576.jpg"},{"@type":"BreadcrumbList","@id":"https:\/\/www.villagiuliahotel.it\/de\/insel-elba\/ausfluge-und-natur\/#breadcrumb","itemListElement":[{"@type":"ListItem","position":1,"name":"Home","item":"https:\/\/www.villagiuliahotel.it\/de\/home\/"},{"@type":"ListItem","position":2,"name":"Insel Elba","item":"https:\/\/www.villagiuliahotel.it\/de\/insel-elba\/"},{"@type":"ListItem","position":3,"name":"Ausfl\u00fcge und Natur"}]},{"@type":"WebSite","@id":"https:\/\/www.villagiuliahotel.it\/de\/#website","url":"https:\/\/www.villagiuliahotel.it\/de\/","name":"Hotel Villa Giulia","description":"Hotel all&#039;Isola d&#039;Elba nella splendida posizione panoramica sul Lido di Capoliveri","publisher":{"@id":"https:\/\/www.villagiuliahotel.it\/de\/#organization"},"potentialAction":[{"@type":"SearchAction","target":{"@type":"EntryPoint","urlTemplate":"https:\/\/www.villagiuliahotel.it\/de\/?s={search_term_string}"},"query-input":{"@type":"PropertyValueSpecification","valueRequired":true,"valueName":"search_term_string"}}],"inLanguage":"de"},{"@type":"Organization","@id":"https:\/\/www.villagiuliahotel.it\/de\/#organization","name":"Hotel Villa Giulia","url":"https:\/\/www.villagiuliahotel.it\/de\/","logo":{"@type":"ImageObject","inLanguage":"de","@id":"https:\/\/www.villagiuliahotel.it\/de\/#\/schema\/logo\/image\/","url":"https:\/\/www.villagiuliahotel.it\/wp-content\/uploads\/2024\/04\/logo-villagiulia.png","contentUrl":"https:\/\/www.villagiuliahotel.it\/wp-content\/uploads\/2024\/04\/logo-villagiulia.png","width":400,"height":150,"caption":"Hotel Villa Giulia"},"image":{"@id":"https:\/\/www.villagiuliahotel.it\/de\/#\/schema\/logo\/image\/"},"sameAs":["https:\/\/www.facebook.com\/hotelvillagiuliaelba","https:\/\/www.instagram.com\/hotelvillagiuliaelba\/"]}]}},"_links":{"self":[{"href":"https:\/\/www.villagiuliahotel.it\/de\/wp-json\/wp\/v2\/pages\/1292","targetHints":{"allow":["GET"]}}],"collection":[{"href":"https:\/\/www.villagiuliahotel.it\/de\/wp-json\/wp\/v2\/pages"}],"about":[{"href":"https:\/\/www.villagiuliahotel.it\/de\/wp-json\/wp\/v2\/types\/page"}],"author":[{"embeddable":true,"href":"https:\/\/www.villagiuliahotel.it\/de\/wp-json\/wp\/v2\/users\/1"}],"replies":[{"embeddable":true,"href":"https:\/\/www.villagiuliahotel.it\/de\/wp-json\/wp\/v2\/comments?post=1292"}],"version-history":[{"count":5,"href":"https:\/\/www.villagiuliahotel.it\/de\/wp-json\/wp\/v2\/pages\/1292\/revisions"}],"predecessor-version":[{"id":1724,"href":"https:\/\/www.villagiuliahotel.it\/de\/wp-json\/wp\/v2\/pages\/1292\/revisions\/1724"}],"up":[{"embeddable":true,"href":"https:\/\/www.villagiuliahotel.it\/de\/wp-json\/wp\/v2\/pages\/1288"}],"wp:attachment":[{"href":"https:\/\/www.villagiuliahotel.it\/de\/wp-json\/wp\/v2\/media?parent=1292"}],"curies":[{"name":"wp","href":"https:\/\/api.w.org\/{rel}","templated":true}]}}