{"id":1295,"date":"2026-04-21T16:27:17","date_gmt":"2026-04-21T14:27:17","guid":{"rendered":"http:\/\/villagiulia.youelba.com\/isola-delba\/spiagge\/"},"modified":"2026-05-08T09:28:51","modified_gmt":"2026-05-08T07:28:51","slug":"strande","status":"publish","type":"page","link":"https:\/\/www.villagiuliahotel.it\/de\/insel-elba\/strande\/","title":{"rendered":"Str\u00e4nde"},"content":{"rendered":"\t\t<div data-elementor-type=\"wp-page\" data-elementor-id=\"1295\" class=\"elementor elementor-1295 elementor-1031\" data-elementor-post-type=\"page\">\n\t\t\t\t<div class=\"elementor-element elementor-element-88ff1bf e-con-full e-flex e-con e-parent\" data-id=\"88ff1bf\" data-element_type=\"container\" data-e-type=\"container\" data-settings=\"{&quot;background_background&quot;:&quot;classic&quot;}\">\n\t\t<div class=\"elementor-element elementor-element-c79f22e e-con-full e-flex e-con e-child\" data-id=\"c79f22e\" data-element_type=\"container\" data-e-type=\"container\">\n\t\t<div class=\"elementor-element elementor-element-3952404 e-con-full e-flex e-con e-child\" data-id=\"3952404\" data-element_type=\"container\" data-e-type=\"container\">\n\t\t<div class=\"elementor-element elementor-element-e79232c e-con-full e-flex e-con e-child\" data-id=\"e79232c\" data-element_type=\"container\" data-e-type=\"container\">\n\t\t\t\t<div class=\"elementor-element elementor-element-d6a55b2 elementor-widget elementor-widget-text-editor\" data-id=\"d6a55b2\" data-element_type=\"widget\" data-e-type=\"widget\" data-widget_type=\"text-editor.default\">\n\t\t\t\t<div class=\"elementor-widget-container\">\n\t\t\t\t\t\t\t\t\t<h2><span style=\"color: #f5f5f5;\">Die Str\u00e4nde<\/span><\/h2>\t\t\t\t\t\t\t\t<\/div>\n\t\t\t\t<\/div>\n\t\t\t\t<\/div>\n\t\t<div class=\"elementor-element elementor-element-50e3cf4 e-con-full e-flex e-con e-child\" data-id=\"50e3cf4\" data-element_type=\"container\" data-e-type=\"container\">\n\t\t\t\t<\/div>\n\t\t\t\t<\/div>\n\t\t\t\t<\/div>\n\t\t\t\t<\/div>\n\t\t<div class=\"elementor-element elementor-element-17f1943 e-con-full e-flex e-con e-parent\" data-id=\"17f1943\" data-element_type=\"container\" data-e-type=\"container\">\n\t\t<div class=\"elementor-element elementor-element-720ddfa e-con-full e-flex e-con e-child\" data-id=\"720ddfa\" data-element_type=\"container\" data-e-type=\"container\">\n\t\t\t\t<div class=\"elementor-element elementor-element-7d3f03c elementor-widget elementor-widget-text-editor\" data-id=\"7d3f03c\" data-element_type=\"widget\" data-e-type=\"widget\" data-widget_type=\"text-editor.default\">\n\t\t\t\t<div class=\"elementor-widget-container\">\n\t\t\t\t\t\t\t\t\t<p>Folgt man der K\u00fcste s\u00fcdlich des Vorgebirges von Capoliveri, entdeckt man traumhafte Str\u00e4nde wie die Spiaggia di Lacona, gesch\u00fctzt durch den gleichnamigen Golf. Ein langer Abschnitt feinen Sandes, gesch\u00fctzt vor Wind und Bebauung dank seiner Lage im Parco Nazionale dell&#8217;Arcipelago Toscano. Vor der K\u00fcste laden felsige Meeresgr\u00fcnde dazu ein, in kristallklares Wasser voller Fische einzutauchen.<\/p><p>Nicht weit entfernt liegt die Spiaggia di Barabarca in einer kleinen Bucht, umgeben von dichter Vegetation, was sie zu einem beliebten Ziel f\u00fcr ruhigen und umweltbewussten Tourismus macht. In der N\u00e4he zeichnet sich die Spiaggia di Margidore durch ihren breiten Strand aus dunklem Kies, ihre ruhigere Atmosph\u00e4re und einen kleinen Yachthafen f\u00fcr Freizeitboote aus. Wer die charmanten Buchten von Spiaggia di Pareti erreicht, kann in der Ferne sogar Corsica erkennen. Dank des Minibusses ab Capoliveri ist die Anreise besonders einfach.<\/p><p>Weiter s\u00fcdlich gelangt man zur ber\u00fchmten Cala dell&#8217;Innamorata, einem beliebten Strand mit dunklem Sand, an dem jedes Jahr die Legende gefeiert wird, die dem Ort seinen Namen gab: die tragische Liebesgeschichte zweier junger Menschen aus Capoliveri, getrennt durch Piraten. Direkt davor liegen die Gemini-Inseln, deren Gew\u00e4sser eine reiche Unterwasserwelt beherbergen. Ein kurzer Spaziergang f\u00fchrt schlie\u00dflich zu den versteckten Buchten von Punta della Ciarpa.<\/p><p>Setzt man den Weg Richtung S\u00fcden fort, erreicht man den Pfad hinauf zum Monte Calamita, dem Gebiet der alten Eisenerzminen. Von hier aus blickt man auf einige nur per Boot oder Kanu erreichbare Str\u00e4nde: Punta Rossa, Spiaggia del Ginepro und die Str\u00e4nde rund um die ehemalige Mine von Calamita sind wilde und unber\u00fchrte Orte, bewohnt von M\u00f6wen und Fischv\u00f6geln wie dem Kr\u00e4henscharben. Schwer zug\u00e4nglich, aber faszinierend und absolut sehenswert.<\/p>\t\t\t\t\t\t\t\t<\/div>\n\t\t\t\t<\/div>\n\t\t\t\t<\/div>\n\t\t<div class=\"elementor-element elementor-element-a414802 e-con-full e-flex e-con e-child\" data-id=\"a414802\" data-element_type=\"container\" data-e-type=\"container\">\n\t\t\t\t<div class=\"elementor-element elementor-element-e5695f8 elementor-widget elementor-widget-image\" data-id=\"e5695f8\" data-element_type=\"widget\" data-e-type=\"widget\" data-widget_type=\"image.default\">\n\t\t\t\t<div class=\"elementor-widget-container\">\n\t\t\t\t\t\t\t\t\t\t\t\t\t\t\t<img fetchpriority=\"high\" decoding=\"async\" width=\"768\" height=\"384\" src=\"https:\/\/www.villagiuliahotel.it\/wp-content\/uploads\/2026\/04\/WhatsApp-Image-2026-04-15-at-12.38.49-768x384.jpeg\" class=\"attachment-medium_large size-medium_large wp-image-1536\" alt=\"\" srcset=\"https:\/\/www.villagiuliahotel.it\/wp-content\/uploads\/2026\/04\/WhatsApp-Image-2026-04-15-at-12.38.49-768x384.jpeg 768w, https:\/\/www.villagiuliahotel.it\/wp-content\/uploads\/2026\/04\/WhatsApp-Image-2026-04-15-at-12.38.49-150x75.jpeg 150w, https:\/\/www.villagiuliahotel.it\/wp-content\/uploads\/2026\/04\/WhatsApp-Image-2026-04-15-at-12.38.49-480x240.jpeg 480w, https:\/\/www.villagiuliahotel.it\/wp-content\/uploads\/2026\/04\/WhatsApp-Image-2026-04-15-at-12.38.49.jpeg 900w\" sizes=\"(max-width:767px) 480px, (max-width:768px) 100vw, 768px\" \/>\t\t\t\t\t\t\t\t\t\t\t\t\t\t\t<\/div>\n\t\t\t\t<\/div>\n\t\t\t\t<div class=\"elementor-element elementor-element-a1ead26 elementor-widget elementor-widget-image\" data-id=\"a1ead26\" data-element_type=\"widget\" data-e-type=\"widget\" data-widget_type=\"image.default\">\n\t\t\t\t<div class=\"elementor-widget-container\">\n\t\t\t\t\t\t\t\t\t\t\t\t\t\t\t<img decoding=\"async\" width=\"768\" height=\"512\" src=\"https:\/\/www.villagiuliahotel.it\/wp-content\/uploads\/2026\/04\/DSC_4524-768x512.jpg\" class=\"attachment-medium_large size-medium_large wp-image-1529\" alt=\"\" srcset=\"https:\/\/www.villagiuliahotel.it\/wp-content\/uploads\/2026\/04\/DSC_4524-768x512.jpg 768w, https:\/\/www.villagiuliahotel.it\/wp-content\/uploads\/2026\/04\/DSC_4524-500x333.jpg 500w, https:\/\/www.villagiuliahotel.it\/wp-content\/uploads\/2026\/04\/DSC_4524-1200x800.jpg 1200w, https:\/\/www.villagiuliahotel.it\/wp-content\/uploads\/2026\/04\/DSC_4524-300x200.jpg 300w, https:\/\/www.villagiuliahotel.it\/wp-content\/uploads\/2026\/04\/DSC_4524-1536x1024.jpg 1536w, https:\/\/www.villagiuliahotel.it\/wp-content\/uploads\/2026\/04\/DSC_4524-113x75.jpg 113w, https:\/\/www.villagiuliahotel.it\/wp-content\/uploads\/2026\/04\/DSC_4524-480x320.jpg 480w, https:\/\/www.villagiuliahotel.it\/wp-content\/uploads\/2026\/04\/DSC_4524.jpg 1920w\" sizes=\"(max-width:767px) 480px, (max-width:768px) 100vw, 768px\" \/>\t\t\t\t\t\t\t\t\t\t\t\t\t\t\t<\/div>\n\t\t\t\t<\/div>\n\t\t\t\t<\/div>\n\t\t\t\t<\/div>\n\t\t<div class=\"elementor-element elementor-element-19610a2 e-flex e-con-boxed e-con e-parent\" data-id=\"19610a2\" data-element_type=\"container\" data-e-type=\"container\" data-settings=\"{&quot;background_background&quot;:&quot;classic&quot;}\">\n\t\t\t\t\t<div class=\"e-con-inner\">\n\t\t<div class=\"elementor-element elementor-element-a4bc1f6 e-con-full e-flex e-con e-child\" data-id=\"a4bc1f6\" data-element_type=\"container\" data-e-type=\"container\">\n\t\t<div class=\"elementor-element elementor-element-40bc024 e-con-full e-flex e-con e-child\" data-id=\"40bc024\" data-element_type=\"container\" data-e-type=\"container\" data-settings=\"{&quot;background_background&quot;:&quot;classic&quot;}\">\n\t\t<div class=\"elementor-element elementor-element-7365e6c e-con-full e-flex e-con e-child\" data-id=\"7365e6c\" data-element_type=\"container\" data-e-type=\"container\">\n\t\t\t\t<div class=\"elementor-element elementor-element-552dcf3 elementor-widget elementor-widget-image\" data-id=\"552dcf3\" data-element_type=\"widget\" data-e-type=\"widget\" data-widget_type=\"image.default\">\n\t\t\t\t<div class=\"elementor-widget-container\">\n\t\t\t\t\t\t\t\t\t\t\t\t\t\t\t<img decoding=\"async\" src=\"https:\/\/www.villagiuliahotel.it\/wp-content\/uploads\/2022\/02\/business5-home-envelope.svg\" title=\"\" alt=\"\" loading=\"lazy\" \/>\t\t\t\t\t\t\t\t\t\t\t\t\t\t\t<\/div>\n\t\t\t\t<\/div>\n\t\t\t\t<\/div>\n\t\t<div class=\"elementor-element elementor-element-0323454 e-con-full e-flex e-con e-child\" data-id=\"0323454\" data-element_type=\"container\" data-e-type=\"container\">\n\t\t\t\t<div class=\"elementor-element elementor-element-08ffd39 elementor-widget elementor-widget-text-editor\" data-id=\"08ffd39\" data-element_type=\"widget\" data-e-type=\"widget\" data-widget_type=\"text-editor.default\">\n\t\t\t\t<div class=\"elementor-widget-container\">\n\t\t\t\t\t\t\t\t\t<h4><span style=\"color: #f5f5f5;\">M\u00f6chten Sie Informationen erhalten oder einen Urlaub in unserem Hotel buchen?<\/span><\/h4>\t\t\t\t\t\t\t\t<\/div>\n\t\t\t\t<\/div>\n\t\t\t\t<div class=\"elementor-element elementor-element-1a06b52 elementor-button-info elementor-widget elementor-widget-button\" data-id=\"1a06b52\" data-element_type=\"widget\" data-e-type=\"widget\" data-widget_type=\"button.default\">\n\t\t\t\t<div class=\"elementor-widget-container\">\n\t\t\t\t\t\t\t\t\t<div class=\"elementor-button-wrapper\">\n\t\t\t\t\t<a class=\"elementor-button elementor-button-link elementor-size-sm\" href=\"\/de\/kontakte\/\">\n\t\t\t\t\t\t<span class=\"elementor-button-content-wrapper\">\n\t\t\t\t\t\t\t\t\t<span class=\"elementor-button-text\">ANFRAGE SENDEN<\/span>\n\t\t\t\t\t<\/span>\n\t\t\t\t\t<\/a>\n\t\t\t\t<\/div>\n\t\t\t\t\t\t\t\t<\/div>\n\t\t\t\t<\/div>\n\t\t\t\t<\/div>\n\t\t<div class=\"elementor-element elementor-element-68c1a42 e-con-full e-flex e-con e-child\" data-id=\"68c1a42\" data-element_type=\"container\" data-e-type=\"container\">\n\t\t\t\t<\/div>\n\t\t\t\t<\/div>\n\t\t\t\t<\/div>\n\t\t\t\t\t<\/div>\n\t\t\t\t<\/div>\n\t\t\t\t<\/div>\n\t\t","protected":false},"excerpt":{"rendered":"<p>Die Str\u00e4nde Folgt man der K\u00fcste s\u00fcdlich des Vorgebirges von Capoliveri, entdeckt man traumhafte Str\u00e4nde wie die Spiaggia di Lacona, gesch\u00fctzt durch den gleichnamigen Golf. Ein<span class=\"excerpt-hellip\"> [\u2026]<\/span><\/p>\n","protected":false},"author":1,"featured_media":0,"parent":1288,"menu_order":0,"comment_status":"closed","ping_status":"closed","template":"","meta":{"footnotes":""},"class_list":["post-1295","page","type-page","status-publish","hentry"],"yoast_head":"<!-- This site is optimized with the Yoast SEO plugin v27.6 - https:\/\/yoast.com\/product\/yoast-seo-wordpress\/ -->\n<title>Str\u00e4nde - Hotel Villa Giulia<\/title>\n<meta name=\"robots\" content=\"index, follow, max-snippet:-1, max-image-preview:large, max-video-preview:-1\" \/>\n<link rel=\"canonical\" href=\"https:\/\/www.villagiuliahotel.it\/de\/insel-elba\/strande\/\" \/>\n<meta property=\"og:locale\" content=\"de_DE\" \/>\n<meta property=\"og:type\" content=\"article\" \/>\n<meta property=\"og:title\" content=\"Str\u00e4nde - Hotel Villa Giulia\" \/>\n<meta property=\"og:description\" content=\"Die Str\u00e4nde Folgt man der K\u00fcste s\u00fcdlich des Vorgebirges von Capoliveri, entdeckt man traumhafte Str\u00e4nde wie die Spiaggia di Lacona, gesch\u00fctzt durch den gleichnamigen Golf. Ein [\u2026]\" \/>\n<meta property=\"og:url\" content=\"https:\/\/www.villagiuliahotel.it\/de\/insel-elba\/strande\/\" \/>\n<meta property=\"og:site_name\" content=\"Hotel Villa Giulia\" \/>\n<meta property=\"article:publisher\" content=\"https:\/\/www.facebook.com\/hotelvillagiuliaelba\" \/>\n<meta property=\"article:modified_time\" content=\"2026-05-08T07:28:51+00:00\" \/>\n<meta property=\"og:image\" content=\"http:\/\/villagiulia.youelba.com\/wp-content\/uploads\/2026\/04\/WhatsApp-Image-2026-04-15-at-12.38.49-768x384.jpeg\" \/>\n<meta name=\"twitter:card\" content=\"summary_large_image\" \/>\n<meta name=\"twitter:label1\" content=\"Gesch\u00e4tzte Lesezeit\" \/>\n\t<meta name=\"twitter:data1\" content=\"2\u00a0Minuten\" \/>\n<script type=\"application\/ld+json\" class=\"yoast-schema-graph\">{\"@context\":\"https:\\\/\\\/schema.org\",\"@graph\":[{\"@type\":\"WebPage\",\"@id\":\"https:\\\/\\\/www.villagiuliahotel.it\\\/de\\\/insel-elba\\\/strande\\\/\",\"url\":\"https:\\\/\\\/www.villagiuliahotel.it\\\/de\\\/insel-elba\\\/strande\\\/\",\"name\":\"Str\u00e4nde - Hotel Villa Giulia\",\"isPartOf\":{\"@id\":\"https:\\\/\\\/www.villagiuliahotel.it\\\/de\\\/#website\"},\"primaryImageOfPage\":{\"@id\":\"https:\\\/\\\/www.villagiuliahotel.it\\\/de\\\/insel-elba\\\/strande\\\/#primaryimage\"},\"image\":{\"@id\":\"https:\\\/\\\/www.villagiuliahotel.it\\\/de\\\/insel-elba\\\/strande\\\/#primaryimage\"},\"thumbnailUrl\":\"http:\\\/\\\/villagiulia.youelba.com\\\/wp-content\\\/uploads\\\/2026\\\/04\\\/WhatsApp-Image-2026-04-15-at-12.38.49-768x384.jpeg\",\"datePublished\":\"2026-04-21T14:27:17+00:00\",\"dateModified\":\"2026-05-08T07:28:51+00:00\",\"breadcrumb\":{\"@id\":\"https:\\\/\\\/www.villagiuliahotel.it\\\/de\\\/insel-elba\\\/strande\\\/#breadcrumb\"},\"inLanguage\":\"de\",\"potentialAction\":[{\"@type\":\"ReadAction\",\"target\":[\"https:\\\/\\\/www.villagiuliahotel.it\\\/de\\\/insel-elba\\\/strande\\\/\"]}]},{\"@type\":\"ImageObject\",\"inLanguage\":\"de\",\"@id\":\"https:\\\/\\\/www.villagiuliahotel.it\\\/de\\\/insel-elba\\\/strande\\\/#primaryimage\",\"url\":\"http:\\\/\\\/villagiulia.youelba.com\\\/wp-content\\\/uploads\\\/2026\\\/04\\\/WhatsApp-Image-2026-04-15-at-12.38.49-768x384.jpeg\",\"contentUrl\":\"http:\\\/\\\/villagiulia.youelba.com\\\/wp-content\\\/uploads\\\/2026\\\/04\\\/WhatsApp-Image-2026-04-15-at-12.38.49-768x384.jpeg\"},{\"@type\":\"BreadcrumbList\",\"@id\":\"https:\\\/\\\/www.villagiuliahotel.it\\\/de\\\/insel-elba\\\/strande\\\/#breadcrumb\",\"itemListElement\":[{\"@type\":\"ListItem\",\"position\":1,\"name\":\"Home\",\"item\":\"https:\\\/\\\/www.villagiuliahotel.it\\\/de\\\/home\\\/\"},{\"@type\":\"ListItem\",\"position\":2,\"name\":\"Insel Elba\",\"item\":\"https:\\\/\\\/www.villagiuliahotel.it\\\/de\\\/insel-elba\\\/\"},{\"@type\":\"ListItem\",\"position\":3,\"name\":\"Str\u00e4nde\"}]},{\"@type\":\"WebSite\",\"@id\":\"https:\\\/\\\/www.villagiuliahotel.it\\\/de\\\/#website\",\"url\":\"https:\\\/\\\/www.villagiuliahotel.it\\\/de\\\/\",\"name\":\"Hotel Villa Giulia\",\"description\":\"Hotel all&#039;Isola d&#039;Elba nella splendida posizione panoramica sul Lido di Capoliveri\",\"publisher\":{\"@id\":\"https:\\\/\\\/www.villagiuliahotel.it\\\/de\\\/#organization\"},\"potentialAction\":[{\"@type\":\"SearchAction\",\"target\":{\"@type\":\"EntryPoint\",\"urlTemplate\":\"https:\\\/\\\/www.villagiuliahotel.it\\\/de\\\/?s={search_term_string}\"},\"query-input\":{\"@type\":\"PropertyValueSpecification\",\"valueRequired\":true,\"valueName\":\"search_term_string\"}}],\"inLanguage\":\"de\"},{\"@type\":\"Organization\",\"@id\":\"https:\\\/\\\/www.villagiuliahotel.it\\\/de\\\/#organization\",\"name\":\"Hotel Villa Giulia\",\"url\":\"https:\\\/\\\/www.villagiuliahotel.it\\\/de\\\/\",\"logo\":{\"@type\":\"ImageObject\",\"inLanguage\":\"de\",\"@id\":\"https:\\\/\\\/www.villagiuliahotel.it\\\/de\\\/#\\\/schema\\\/logo\\\/image\\\/\",\"url\":\"https:\\\/\\\/www.villagiuliahotel.it\\\/wp-content\\\/uploads\\\/2024\\\/04\\\/logo-villagiulia.png\",\"contentUrl\":\"https:\\\/\\\/www.villagiuliahotel.it\\\/wp-content\\\/uploads\\\/2024\\\/04\\\/logo-villagiulia.png\",\"width\":400,\"height\":150,\"caption\":\"Hotel Villa Giulia\"},\"image\":{\"@id\":\"https:\\\/\\\/www.villagiuliahotel.it\\\/de\\\/#\\\/schema\\\/logo\\\/image\\\/\"},\"sameAs\":[\"https:\\\/\\\/www.facebook.com\\\/hotelvillagiuliaelba\",\"https:\\\/\\\/www.instagram.com\\\/hotelvillagiuliaelba\\\/\"]}]}<\/script>\n<!-- \/ Yoast SEO plugin. -->","yoast_head_json":{"title":"Str\u00e4nde - Hotel Villa Giulia","robots":{"index":"index","follow":"follow","max-snippet":"max-snippet:-1","max-image-preview":"max-image-preview:large","max-video-preview":"max-video-preview:-1"},"canonical":"https:\/\/www.villagiuliahotel.it\/de\/insel-elba\/strande\/","og_locale":"de_DE","og_type":"article","og_title":"Str\u00e4nde - Hotel Villa Giulia","og_description":"Die Str\u00e4nde Folgt man der K\u00fcste s\u00fcdlich des Vorgebirges von Capoliveri, entdeckt man traumhafte Str\u00e4nde wie die Spiaggia di Lacona, gesch\u00fctzt durch den gleichnamigen Golf. Ein [\u2026]","og_url":"https:\/\/www.villagiuliahotel.it\/de\/insel-elba\/strande\/","og_site_name":"Hotel Villa Giulia","article_publisher":"https:\/\/www.facebook.com\/hotelvillagiuliaelba","article_modified_time":"2026-05-08T07:28:51+00:00","og_image":[{"url":"http:\/\/villagiulia.youelba.com\/wp-content\/uploads\/2026\/04\/WhatsApp-Image-2026-04-15-at-12.38.49-768x384.jpeg","type":"","width":"","height":""}],"twitter_card":"summary_large_image","twitter_misc":{"Gesch\u00e4tzte Lesezeit":"2\u00a0Minuten"},"schema":{"@context":"https:\/\/schema.org","@graph":[{"@type":"WebPage","@id":"https:\/\/www.villagiuliahotel.it\/de\/insel-elba\/strande\/","url":"https:\/\/www.villagiuliahotel.it\/de\/insel-elba\/strande\/","name":"Str\u00e4nde - Hotel Villa Giulia","isPartOf":{"@id":"https:\/\/www.villagiuliahotel.it\/de\/#website"},"primaryImageOfPage":{"@id":"https:\/\/www.villagiuliahotel.it\/de\/insel-elba\/strande\/#primaryimage"},"image":{"@id":"https:\/\/www.villagiuliahotel.it\/de\/insel-elba\/strande\/#primaryimage"},"thumbnailUrl":"http:\/\/villagiulia.youelba.com\/wp-content\/uploads\/2026\/04\/WhatsApp-Image-2026-04-15-at-12.38.49-768x384.jpeg","datePublished":"2026-04-21T14:27:17+00:00","dateModified":"2026-05-08T07:28:51+00:00","breadcrumb":{"@id":"https:\/\/www.villagiuliahotel.it\/de\/insel-elba\/strande\/#breadcrumb"},"inLanguage":"de","potentialAction":[{"@type":"ReadAction","target":["https:\/\/www.villagiuliahotel.it\/de\/insel-elba\/strande\/"]}]},{"@type":"ImageObject","inLanguage":"de","@id":"https:\/\/www.villagiuliahotel.it\/de\/insel-elba\/strande\/#primaryimage","url":"http:\/\/villagiulia.youelba.com\/wp-content\/uploads\/2026\/04\/WhatsApp-Image-2026-04-15-at-12.38.49-768x384.jpeg","contentUrl":"http:\/\/villagiulia.youelba.com\/wp-content\/uploads\/2026\/04\/WhatsApp-Image-2026-04-15-at-12.38.49-768x384.jpeg"},{"@type":"BreadcrumbList","@id":"https:\/\/www.villagiuliahotel.it\/de\/insel-elba\/strande\/#breadcrumb","itemListElement":[{"@type":"ListItem","position":1,"name":"Home","item":"https:\/\/www.villagiuliahotel.it\/de\/home\/"},{"@type":"ListItem","position":2,"name":"Insel Elba","item":"https:\/\/www.villagiuliahotel.it\/de\/insel-elba\/"},{"@type":"ListItem","position":3,"name":"Str\u00e4nde"}]},{"@type":"WebSite","@id":"https:\/\/www.villagiuliahotel.it\/de\/#website","url":"https:\/\/www.villagiuliahotel.it\/de\/","name":"Hotel Villa Giulia","description":"Hotel all&#039;Isola d&#039;Elba nella splendida posizione panoramica sul Lido di Capoliveri","publisher":{"@id":"https:\/\/www.villagiuliahotel.it\/de\/#organization"},"potentialAction":[{"@type":"SearchAction","target":{"@type":"EntryPoint","urlTemplate":"https:\/\/www.villagiuliahotel.it\/de\/?s={search_term_string}"},"query-input":{"@type":"PropertyValueSpecification","valueRequired":true,"valueName":"search_term_string"}}],"inLanguage":"de"},{"@type":"Organization","@id":"https:\/\/www.villagiuliahotel.it\/de\/#organization","name":"Hotel Villa Giulia","url":"https:\/\/www.villagiuliahotel.it\/de\/","logo":{"@type":"ImageObject","inLanguage":"de","@id":"https:\/\/www.villagiuliahotel.it\/de\/#\/schema\/logo\/image\/","url":"https:\/\/www.villagiuliahotel.it\/wp-content\/uploads\/2024\/04\/logo-villagiulia.png","contentUrl":"https:\/\/www.villagiuliahotel.it\/wp-content\/uploads\/2024\/04\/logo-villagiulia.png","width":400,"height":150,"caption":"Hotel Villa Giulia"},"image":{"@id":"https:\/\/www.villagiuliahotel.it\/de\/#\/schema\/logo\/image\/"},"sameAs":["https:\/\/www.facebook.com\/hotelvillagiuliaelba","https:\/\/www.instagram.com\/hotelvillagiuliaelba\/"]}]}},"_links":{"self":[{"href":"https:\/\/www.villagiuliahotel.it\/de\/wp-json\/wp\/v2\/pages\/1295","targetHints":{"allow":["GET"]}}],"collection":[{"href":"https:\/\/www.villagiuliahotel.it\/de\/wp-json\/wp\/v2\/pages"}],"about":[{"href":"https:\/\/www.villagiuliahotel.it\/de\/wp-json\/wp\/v2\/types\/page"}],"author":[{"embeddable":true,"href":"https:\/\/www.villagiuliahotel.it\/de\/wp-json\/wp\/v2\/users\/1"}],"replies":[{"embeddable":true,"href":"https:\/\/www.villagiuliahotel.it\/de\/wp-json\/wp\/v2\/comments?post=1295"}],"version-history":[{"count":5,"href":"https:\/\/www.villagiuliahotel.it\/de\/wp-json\/wp\/v2\/pages\/1295\/revisions"}],"predecessor-version":[{"id":1725,"href":"https:\/\/www.villagiuliahotel.it\/de\/wp-json\/wp\/v2\/pages\/1295\/revisions\/1725"}],"up":[{"embeddable":true,"href":"https:\/\/www.villagiuliahotel.it\/de\/wp-json\/wp\/v2\/pages\/1288"}],"wp:attachment":[{"href":"https:\/\/www.villagiuliahotel.it\/de\/wp-json\/wp\/v2\/media?parent=1295"}],"curies":[{"name":"wp","href":"https:\/\/api.w.org\/{rel}","templated":true}]}}