{"id":1298,"date":"2026-04-21T16:32:31","date_gmt":"2026-04-21T14:32:31","guid":{"rendered":"http:\/\/villagiulia.youelba.com\/isola-delba\/sport-e-attivita\/"},"modified":"2026-05-08T09:28:32","modified_gmt":"2026-05-08T07:28:32","slug":"sport-und-aktivitaten","status":"publish","type":"page","link":"https:\/\/www.villagiuliahotel.it\/de\/insel-elba\/sport-und-aktivitaten\/","title":{"rendered":"Sport und Aktivit\u00e4ten"},"content":{"rendered":"\t\t<div data-elementor-type=\"wp-page\" data-elementor-id=\"1298\" class=\"elementor elementor-1298 elementor-1050\" data-elementor-post-type=\"page\">\n\t\t\t\t<div class=\"elementor-element elementor-element-88ff1bf e-con-full e-flex e-con e-parent\" data-id=\"88ff1bf\" data-element_type=\"container\" data-e-type=\"container\" data-settings=\"{&quot;background_background&quot;:&quot;classic&quot;}\">\n\t\t<div class=\"elementor-element elementor-element-c79f22e e-con-full e-flex e-con e-child\" data-id=\"c79f22e\" data-element_type=\"container\" data-e-type=\"container\">\n\t\t<div class=\"elementor-element elementor-element-3952404 e-con-full e-flex e-con e-child\" data-id=\"3952404\" data-element_type=\"container\" data-e-type=\"container\">\n\t\t<div class=\"elementor-element elementor-element-e79232c e-con-full e-flex e-con e-child\" data-id=\"e79232c\" data-element_type=\"container\" data-e-type=\"container\">\n\t\t\t\t<div class=\"elementor-element elementor-element-d6a55b2 elementor-widget elementor-widget-text-editor\" data-id=\"d6a55b2\" data-element_type=\"widget\" data-e-type=\"widget\" data-widget_type=\"text-editor.default\">\n\t\t\t\t<div class=\"elementor-widget-container\">\n\t\t\t\t\t\t\t\t\t<h2><span style=\"color: #f5f5f5;\">Sport und aktivit\u00e4ten<\/span><\/h2>\t\t\t\t\t\t\t\t<\/div>\n\t\t\t\t<\/div>\n\t\t\t\t<\/div>\n\t\t\t\t<\/div>\n\t\t\t\t<\/div>\n\t\t\t\t<\/div>\n\t\t<div class=\"elementor-element elementor-element-17f1943 e-con-full e-flex e-con e-parent\" data-id=\"17f1943\" data-element_type=\"container\" data-e-type=\"container\">\n\t\t<div class=\"elementor-element elementor-element-720ddfa e-con-full e-flex e-con e-child\" data-id=\"720ddfa\" data-element_type=\"container\" data-e-type=\"container\">\n\t\t\t\t<div class=\"elementor-element elementor-element-921a271 elementor-widget elementor-widget-text-editor\" data-id=\"921a271\" data-element_type=\"widget\" data-e-type=\"widget\" data-widget_type=\"text-editor.default\">\n\t\t\t\t<div class=\"elementor-widget-container\">\n\t\t\t\t\t\t\t\t\t<h3>Panorama-Trekking zwischen Capoliveri und Porto Azzurro<\/h3><p><strong>Wege mit Meerblick, mediterrane Natur und die authentischste Seite Elbas<\/strong><br \/>Dank der Lage des Hotels k\u00f6nnen G\u00e4ste Spazierg\u00e4nge und Wanderungen auf den Wegen des Monte Calamita, durch die H\u00fcgel rund um Capoliveri und in der Umgebung von Porto Azzurro unternehmen. Die ideale Aktivit\u00e4t f\u00fcr alle, die sich gerne in der Natur bewegen, die D\u00fcfte der mediterranen Macchia genie\u00dfen und Aussichtspunkte mit Blick auf den Golf von Stella erreichen m\u00f6chten.<\/p><h3>Mountainbike- und E-Bike-Touren am Monte Calamita<\/h3><p><strong>Capoliveri Bike Park und Outdoor-Strecken f\u00fcr einen aktiven Urlaub auf Elba<\/strong><br \/>Die Gegend um Capoliveri geh\u00f6rt zu den beliebtesten Orten der Insel Elba f\u00fcr Radfahrer. Zwischen speziellen Bike-Strecken, Panorama-Schotterwegen und Routen f\u00fcr unterschiedliche Erfahrungsstufen bieten Mountainbikes und E-Bikes die M\u00f6glichkeit, Landschaften zwischen Meer, W\u00e4ldern und ehemaligen Bergbaugebieten zu entdecken \u2013 in perfekter Balance zwischen Sport, Freiheit und Spa\u00df.<\/p><h3>Schnorcheln und Schwimmen zwischen Buchten und kristallklarem Wasser<\/h3><p><strong>Die sch\u00f6nsten Str\u00e4nde, um das Meer aus n\u00e4chster N\u00e4he zu erleben \u2013 zwischen Entspannung und glasklarem Wasser<\/strong><br \/>Zuccale, Barabarca, Felciaio und die weiteren Str\u00e4nde der Umgebung eignen sich perfekt f\u00fcr G\u00e4ste, die das authentische Meer lieben. Hier wechseln sich lange Schwimmeinheiten, entspannte Momente und Schnorchelausfl\u00fcge zu transparenten Meeresb\u00f6den, kleinen Buchten und ruhigen K\u00fcstenabschnitten ab \u2013 ideal, um das Meer in seiner sch\u00f6nsten Form zu genie\u00dfen.<\/p><h3>Segeln, Kanufahren und Wassersport zwischen Naregno und dem Golf von Stella<\/h3><p><strong>Aktive Tage am Meer zwischen Sonne, Bewegung und K\u00fcstenpanorama<\/strong><br \/>F\u00fcr G\u00e4ste, die einen aktiveren Urlaub w\u00fcnschen, bieten die Str\u00e4nde der Region zahlreiche M\u00f6glichkeiten, das Meer in Bewegung zu erleben. Zwischen Naregno, Lido di Capoliveri und Porto Azzurro k\u00f6nnen G\u00e4ste Kanufahren, Segeln, Tretbootfahren und viele weitere Wassersportaktivit\u00e4ten genie\u00dfen \u2013 perfekt f\u00fcr Paare, Familien und Freundesgruppen, die die K\u00fcste aus einer anderen Perspektive entdecken m\u00f6chten.<\/p>\t\t\t\t\t\t\t\t<\/div>\n\t\t\t\t<\/div>\n\t\t\t\t<\/div>\n\t\t<div class=\"elementor-element elementor-element-a414802 e-con-full e-flex e-con e-child\" data-id=\"a414802\" data-element_type=\"container\" data-e-type=\"container\">\n\t\t\t\t<div class=\"elementor-element elementor-element-a1ead26 elementor-widget elementor-widget-image\" data-id=\"a1ead26\" data-element_type=\"widget\" data-e-type=\"widget\" data-widget_type=\"image.default\">\n\t\t\t\t<div class=\"elementor-widget-container\">\n\t\t\t\t\t\t\t\t\t\t\t\t\t\t\t<img fetchpriority=\"high\" decoding=\"async\" width=\"768\" height=\"576\" src=\"https:\/\/www.villagiuliahotel.it\/wp-content\/uploads\/2026\/04\/sentiero-205-trekking-sopra-monserrato-0409-87-768x576.jpg\" class=\"attachment-medium_large size-medium_large wp-image-1537\" alt=\"\" srcset=\"https:\/\/www.villagiuliahotel.it\/wp-content\/uploads\/2026\/04\/sentiero-205-trekking-sopra-monserrato-0409-87-768x576.jpg 768w, https:\/\/www.villagiuliahotel.it\/wp-content\/uploads\/2026\/04\/sentiero-205-trekking-sopra-monserrato-0409-87-1536x1152.jpg 1536w, https:\/\/www.villagiuliahotel.it\/wp-content\/uploads\/2026\/04\/sentiero-205-trekking-sopra-monserrato-0409-87-100x75.jpg 100w, https:\/\/www.villagiuliahotel.it\/wp-content\/uploads\/2026\/04\/sentiero-205-trekking-sopra-monserrato-0409-87-480x360.jpg 480w, https:\/\/www.villagiuliahotel.it\/wp-content\/uploads\/2026\/04\/sentiero-205-trekking-sopra-monserrato-0409-87.jpg 1920w\" sizes=\"(max-width:767px) 480px, (max-width:768px) 100vw, 768px\" \/>\t\t\t\t\t\t\t\t\t\t\t\t\t\t\t<\/div>\n\t\t\t\t<\/div>\n\t\t\t\t<div class=\"elementor-element elementor-element-c3efc52 elementor-widget elementor-widget-image\" data-id=\"c3efc52\" data-element_type=\"widget\" data-e-type=\"widget\" data-widget_type=\"image.default\">\n\t\t\t\t<div class=\"elementor-widget-container\">\n\t\t\t\t\t\t\t\t\t\t\t\t\t\t\t<img decoding=\"async\" width=\"768\" height=\"576\" src=\"https:\/\/www.villagiuliahotel.it\/wp-content\/uploads\/2026\/04\/bike-miniere-capoliveri-5545-33-768x576.jpg\" class=\"attachment-medium_large size-medium_large wp-image-1538\" alt=\"\" srcset=\"https:\/\/www.villagiuliahotel.it\/wp-content\/uploads\/2026\/04\/bike-miniere-capoliveri-5545-33-768x576.jpg 768w, https:\/\/www.villagiuliahotel.it\/wp-content\/uploads\/2026\/04\/bike-miniere-capoliveri-5545-33-1536x1152.jpg 1536w, https:\/\/www.villagiuliahotel.it\/wp-content\/uploads\/2026\/04\/bike-miniere-capoliveri-5545-33-100x75.jpg 100w, https:\/\/www.villagiuliahotel.it\/wp-content\/uploads\/2026\/04\/bike-miniere-capoliveri-5545-33-480x360.jpg 480w, https:\/\/www.villagiuliahotel.it\/wp-content\/uploads\/2026\/04\/bike-miniere-capoliveri-5545-33.jpg 1920w\" sizes=\"(max-width:767px) 480px, (max-width:768px) 100vw, 768px\" \/>\t\t\t\t\t\t\t\t\t\t\t\t\t\t\t<\/div>\n\t\t\t\t<\/div>\n\t\t\t\t<div class=\"elementor-element elementor-element-8b808d5 elementor-widget elementor-widget-image\" data-id=\"8b808d5\" data-element_type=\"widget\" data-e-type=\"widget\" data-widget_type=\"image.default\">\n\t\t\t\t<div class=\"elementor-widget-container\">\n\t\t\t\t\t\t\t\t\t\t\t\t\t\t\t<img decoding=\"async\" width=\"768\" height=\"576\" src=\"https:\/\/www.villagiuliahotel.it\/wp-content\/uploads\/2026\/04\/canoe-6650-1-768x576.jpg\" class=\"attachment-medium_large size-medium_large wp-image-1539\" alt=\"\" srcset=\"https:\/\/www.villagiuliahotel.it\/wp-content\/uploads\/2026\/04\/canoe-6650-1-768x576.jpg 768w, https:\/\/www.villagiuliahotel.it\/wp-content\/uploads\/2026\/04\/canoe-6650-1-1536x1152.jpg 1536w, https:\/\/www.villagiuliahotel.it\/wp-content\/uploads\/2026\/04\/canoe-6650-1-100x75.jpg 100w, https:\/\/www.villagiuliahotel.it\/wp-content\/uploads\/2026\/04\/canoe-6650-1-480x360.jpg 480w, https:\/\/www.villagiuliahotel.it\/wp-content\/uploads\/2026\/04\/canoe-6650-1.jpg 1920w\" sizes=\"(max-width:767px) 480px, (max-width:768px) 100vw, 768px\" \/>\t\t\t\t\t\t\t\t\t\t\t\t\t\t\t<\/div>\n\t\t\t\t<\/div>\n\t\t\t\t<\/div>\n\t\t\t\t<\/div>\n\t\t<div class=\"elementor-element elementor-element-19610a2 e-flex e-con-boxed e-con e-parent\" data-id=\"19610a2\" data-element_type=\"container\" data-e-type=\"container\" data-settings=\"{&quot;background_background&quot;:&quot;classic&quot;}\">\n\t\t\t\t\t<div class=\"e-con-inner\">\n\t\t<div class=\"elementor-element elementor-element-a4bc1f6 e-con-full e-flex e-con e-child\" data-id=\"a4bc1f6\" data-element_type=\"container\" data-e-type=\"container\">\n\t\t<div class=\"elementor-element elementor-element-40bc024 e-con-full e-flex e-con e-child\" data-id=\"40bc024\" data-element_type=\"container\" data-e-type=\"container\" data-settings=\"{&quot;background_background&quot;:&quot;classic&quot;}\">\n\t\t<div class=\"elementor-element elementor-element-7365e6c e-con-full e-flex e-con e-child\" data-id=\"7365e6c\" data-element_type=\"container\" data-e-type=\"container\">\n\t\t\t\t<div class=\"elementor-element elementor-element-552dcf3 elementor-widget elementor-widget-image\" data-id=\"552dcf3\" data-element_type=\"widget\" data-e-type=\"widget\" data-widget_type=\"image.default\">\n\t\t\t\t<div class=\"elementor-widget-container\">\n\t\t\t\t\t\t\t\t\t\t\t\t\t\t\t<img decoding=\"async\" src=\"https:\/\/www.villagiuliahotel.it\/wp-content\/uploads\/2022\/02\/business5-home-envelope.svg\" title=\"\" alt=\"\" loading=\"lazy\" \/>\t\t\t\t\t\t\t\t\t\t\t\t\t\t\t<\/div>\n\t\t\t\t<\/div>\n\t\t\t\t<\/div>\n\t\t<div class=\"elementor-element elementor-element-0323454 e-con-full e-flex e-con e-child\" data-id=\"0323454\" data-element_type=\"container\" data-e-type=\"container\">\n\t\t\t\t<div class=\"elementor-element elementor-element-08ffd39 elementor-widget elementor-widget-text-editor\" data-id=\"08ffd39\" data-element_type=\"widget\" data-e-type=\"widget\" data-widget_type=\"text-editor.default\">\n\t\t\t\t<div class=\"elementor-widget-container\">\n\t\t\t\t\t\t\t\t\t<h4><span style=\"color: #f5f5f5;\">M\u00f6chten Sie Informationen erhalten oder einen Urlaub in unserem Hotel buchen?<\/span><\/h4>\t\t\t\t\t\t\t\t<\/div>\n\t\t\t\t<\/div>\n\t\t\t\t<div class=\"elementor-element elementor-element-1a06b52 elementor-button-info elementor-widget elementor-widget-button\" data-id=\"1a06b52\" data-element_type=\"widget\" data-e-type=\"widget\" data-widget_type=\"button.default\">\n\t\t\t\t<div class=\"elementor-widget-container\">\n\t\t\t\t\t\t\t\t\t<div class=\"elementor-button-wrapper\">\n\t\t\t\t\t<a class=\"elementor-button elementor-button-link elementor-size-sm\" href=\"\/de\/kontakte\/\">\n\t\t\t\t\t\t<span class=\"elementor-button-content-wrapper\">\n\t\t\t\t\t\t\t\t\t<span class=\"elementor-button-text\">ANGEBOT ANFORDERN<\/span>\n\t\t\t\t\t<\/span>\n\t\t\t\t\t<\/a>\n\t\t\t\t<\/div>\n\t\t\t\t\t\t\t\t<\/div>\n\t\t\t\t<\/div>\n\t\t\t\t<\/div>\n\t\t<div class=\"elementor-element elementor-element-68c1a42 e-con-full e-flex e-con e-child\" data-id=\"68c1a42\" data-element_type=\"container\" data-e-type=\"container\">\n\t\t\t\t<\/div>\n\t\t\t\t<\/div>\n\t\t\t\t<\/div>\n\t\t\t\t\t<\/div>\n\t\t\t\t<\/div>\n\t\t\t\t<\/div>\n\t\t","protected":false},"excerpt":{"rendered":"<p>Sport und aktivit\u00e4ten Panorama-Trekking zwischen Capoliveri und Porto Azzurro Wege mit Meerblick, mediterrane Natur und die authentischste Seite ElbasDank der Lage des Hotels k\u00f6nnen G\u00e4ste Spazierg\u00e4nge<span class=\"excerpt-hellip\"> [\u2026]<\/span><\/p>\n","protected":false},"author":1,"featured_media":0,"parent":1288,"menu_order":0,"comment_status":"closed","ping_status":"closed","template":"","meta":{"footnotes":""},"class_list":["post-1298","page","type-page","status-publish","hentry"],"yoast_head":"<!-- This site is optimized with the Yoast SEO plugin v27.6 - https:\/\/yoast.com\/product\/yoast-seo-wordpress\/ -->\n<title>Sport und Aktivit\u00e4ten - Hotel Villa Giulia<\/title>\n<meta name=\"robots\" content=\"index, follow, max-snippet:-1, max-image-preview:large, max-video-preview:-1\" \/>\n<link rel=\"canonical\" href=\"https:\/\/www.villagiuliahotel.it\/de\/insel-elba\/sport-und-aktivitaten\/\" \/>\n<meta property=\"og:locale\" content=\"de_DE\" \/>\n<meta property=\"og:type\" content=\"article\" \/>\n<meta property=\"og:title\" content=\"Sport und Aktivit\u00e4ten - Hotel Villa Giulia\" \/>\n<meta property=\"og:description\" content=\"Sport und aktivit\u00e4ten Panorama-Trekking zwischen Capoliveri und Porto Azzurro Wege mit Meerblick, mediterrane Natur und die authentischste Seite ElbasDank der Lage des Hotels k\u00f6nnen G\u00e4ste Spazierg\u00e4nge [\u2026]\" \/>\n<meta property=\"og:url\" content=\"https:\/\/www.villagiuliahotel.it\/de\/insel-elba\/sport-und-aktivitaten\/\" \/>\n<meta property=\"og:site_name\" content=\"Hotel Villa Giulia\" \/>\n<meta property=\"article:publisher\" content=\"https:\/\/www.facebook.com\/hotelvillagiuliaelba\" \/>\n<meta property=\"article:modified_time\" content=\"2026-05-08T07:28:32+00:00\" \/>\n<meta property=\"og:image\" content=\"http:\/\/villagiulia.youelba.com\/wp-content\/uploads\/2026\/04\/sentiero-205-trekking-sopra-monserrato-0409-87-768x576.jpg\" \/>\n<meta name=\"twitter:card\" content=\"summary_large_image\" \/>\n<meta name=\"twitter:label1\" content=\"Gesch\u00e4tzte Lesezeit\" \/>\n\t<meta name=\"twitter:data1\" content=\"2\u00a0Minuten\" \/>\n<script type=\"application\/ld+json\" class=\"yoast-schema-graph\">{\"@context\":\"https:\\\/\\\/schema.org\",\"@graph\":[{\"@type\":\"WebPage\",\"@id\":\"https:\\\/\\\/www.villagiuliahotel.it\\\/de\\\/insel-elba\\\/sport-und-aktivitaten\\\/\",\"url\":\"https:\\\/\\\/www.villagiuliahotel.it\\\/de\\\/insel-elba\\\/sport-und-aktivitaten\\\/\",\"name\":\"Sport und Aktivit\u00e4ten - Hotel Villa Giulia\",\"isPartOf\":{\"@id\":\"https:\\\/\\\/www.villagiuliahotel.it\\\/de\\\/#website\"},\"primaryImageOfPage\":{\"@id\":\"https:\\\/\\\/www.villagiuliahotel.it\\\/de\\\/insel-elba\\\/sport-und-aktivitaten\\\/#primaryimage\"},\"image\":{\"@id\":\"https:\\\/\\\/www.villagiuliahotel.it\\\/de\\\/insel-elba\\\/sport-und-aktivitaten\\\/#primaryimage\"},\"thumbnailUrl\":\"http:\\\/\\\/villagiulia.youelba.com\\\/wp-content\\\/uploads\\\/2026\\\/04\\\/sentiero-205-trekking-sopra-monserrato-0409-87-768x576.jpg\",\"datePublished\":\"2026-04-21T14:32:31+00:00\",\"dateModified\":\"2026-05-08T07:28:32+00:00\",\"breadcrumb\":{\"@id\":\"https:\\\/\\\/www.villagiuliahotel.it\\\/de\\\/insel-elba\\\/sport-und-aktivitaten\\\/#breadcrumb\"},\"inLanguage\":\"de\",\"potentialAction\":[{\"@type\":\"ReadAction\",\"target\":[\"https:\\\/\\\/www.villagiuliahotel.it\\\/de\\\/insel-elba\\\/sport-und-aktivitaten\\\/\"]}]},{\"@type\":\"ImageObject\",\"inLanguage\":\"de\",\"@id\":\"https:\\\/\\\/www.villagiuliahotel.it\\\/de\\\/insel-elba\\\/sport-und-aktivitaten\\\/#primaryimage\",\"url\":\"http:\\\/\\\/villagiulia.youelba.com\\\/wp-content\\\/uploads\\\/2026\\\/04\\\/sentiero-205-trekking-sopra-monserrato-0409-87-768x576.jpg\",\"contentUrl\":\"http:\\\/\\\/villagiulia.youelba.com\\\/wp-content\\\/uploads\\\/2026\\\/04\\\/sentiero-205-trekking-sopra-monserrato-0409-87-768x576.jpg\"},{\"@type\":\"BreadcrumbList\",\"@id\":\"https:\\\/\\\/www.villagiuliahotel.it\\\/de\\\/insel-elba\\\/sport-und-aktivitaten\\\/#breadcrumb\",\"itemListElement\":[{\"@type\":\"ListItem\",\"position\":1,\"name\":\"Home\",\"item\":\"https:\\\/\\\/www.villagiuliahotel.it\\\/de\\\/home\\\/\"},{\"@type\":\"ListItem\",\"position\":2,\"name\":\"Insel Elba\",\"item\":\"https:\\\/\\\/www.villagiuliahotel.it\\\/de\\\/insel-elba\\\/\"},{\"@type\":\"ListItem\",\"position\":3,\"name\":\"Sport und Aktivit\u00e4ten\"}]},{\"@type\":\"WebSite\",\"@id\":\"https:\\\/\\\/www.villagiuliahotel.it\\\/de\\\/#website\",\"url\":\"https:\\\/\\\/www.villagiuliahotel.it\\\/de\\\/\",\"name\":\"Hotel Villa Giulia\",\"description\":\"Hotel all&#039;Isola d&#039;Elba nella splendida posizione panoramica sul Lido di Capoliveri\",\"publisher\":{\"@id\":\"https:\\\/\\\/www.villagiuliahotel.it\\\/de\\\/#organization\"},\"potentialAction\":[{\"@type\":\"SearchAction\",\"target\":{\"@type\":\"EntryPoint\",\"urlTemplate\":\"https:\\\/\\\/www.villagiuliahotel.it\\\/de\\\/?s={search_term_string}\"},\"query-input\":{\"@type\":\"PropertyValueSpecification\",\"valueRequired\":true,\"valueName\":\"search_term_string\"}}],\"inLanguage\":\"de\"},{\"@type\":\"Organization\",\"@id\":\"https:\\\/\\\/www.villagiuliahotel.it\\\/de\\\/#organization\",\"name\":\"Hotel Villa Giulia\",\"url\":\"https:\\\/\\\/www.villagiuliahotel.it\\\/de\\\/\",\"logo\":{\"@type\":\"ImageObject\",\"inLanguage\":\"de\",\"@id\":\"https:\\\/\\\/www.villagiuliahotel.it\\\/de\\\/#\\\/schema\\\/logo\\\/image\\\/\",\"url\":\"https:\\\/\\\/www.villagiuliahotel.it\\\/wp-content\\\/uploads\\\/2024\\\/04\\\/logo-villagiulia.png\",\"contentUrl\":\"https:\\\/\\\/www.villagiuliahotel.it\\\/wp-content\\\/uploads\\\/2024\\\/04\\\/logo-villagiulia.png\",\"width\":400,\"height\":150,\"caption\":\"Hotel Villa Giulia\"},\"image\":{\"@id\":\"https:\\\/\\\/www.villagiuliahotel.it\\\/de\\\/#\\\/schema\\\/logo\\\/image\\\/\"},\"sameAs\":[\"https:\\\/\\\/www.facebook.com\\\/hotelvillagiuliaelba\",\"https:\\\/\\\/www.instagram.com\\\/hotelvillagiuliaelba\\\/\"]}]}<\/script>\n<!-- \/ Yoast SEO plugin. -->","yoast_head_json":{"title":"Sport und Aktivit\u00e4ten - Hotel Villa Giulia","robots":{"index":"index","follow":"follow","max-snippet":"max-snippet:-1","max-image-preview":"max-image-preview:large","max-video-preview":"max-video-preview:-1"},"canonical":"https:\/\/www.villagiuliahotel.it\/de\/insel-elba\/sport-und-aktivitaten\/","og_locale":"de_DE","og_type":"article","og_title":"Sport und Aktivit\u00e4ten - Hotel Villa Giulia","og_description":"Sport und aktivit\u00e4ten Panorama-Trekking zwischen Capoliveri und Porto Azzurro Wege mit Meerblick, mediterrane Natur und die authentischste Seite ElbasDank der Lage des Hotels k\u00f6nnen G\u00e4ste Spazierg\u00e4nge [\u2026]","og_url":"https:\/\/www.villagiuliahotel.it\/de\/insel-elba\/sport-und-aktivitaten\/","og_site_name":"Hotel Villa Giulia","article_publisher":"https:\/\/www.facebook.com\/hotelvillagiuliaelba","article_modified_time":"2026-05-08T07:28:32+00:00","og_image":[{"url":"http:\/\/villagiulia.youelba.com\/wp-content\/uploads\/2026\/04\/sentiero-205-trekking-sopra-monserrato-0409-87-768x576.jpg","type":"","width":"","height":""}],"twitter_card":"summary_large_image","twitter_misc":{"Gesch\u00e4tzte Lesezeit":"2\u00a0Minuten"},"schema":{"@context":"https:\/\/schema.org","@graph":[{"@type":"WebPage","@id":"https:\/\/www.villagiuliahotel.it\/de\/insel-elba\/sport-und-aktivitaten\/","url":"https:\/\/www.villagiuliahotel.it\/de\/insel-elba\/sport-und-aktivitaten\/","name":"Sport und Aktivit\u00e4ten - Hotel Villa Giulia","isPartOf":{"@id":"https:\/\/www.villagiuliahotel.it\/de\/#website"},"primaryImageOfPage":{"@id":"https:\/\/www.villagiuliahotel.it\/de\/insel-elba\/sport-und-aktivitaten\/#primaryimage"},"image":{"@id":"https:\/\/www.villagiuliahotel.it\/de\/insel-elba\/sport-und-aktivitaten\/#primaryimage"},"thumbnailUrl":"http:\/\/villagiulia.youelba.com\/wp-content\/uploads\/2026\/04\/sentiero-205-trekking-sopra-monserrato-0409-87-768x576.jpg","datePublished":"2026-04-21T14:32:31+00:00","dateModified":"2026-05-08T07:28:32+00:00","breadcrumb":{"@id":"https:\/\/www.villagiuliahotel.it\/de\/insel-elba\/sport-und-aktivitaten\/#breadcrumb"},"inLanguage":"de","potentialAction":[{"@type":"ReadAction","target":["https:\/\/www.villagiuliahotel.it\/de\/insel-elba\/sport-und-aktivitaten\/"]}]},{"@type":"ImageObject","inLanguage":"de","@id":"https:\/\/www.villagiuliahotel.it\/de\/insel-elba\/sport-und-aktivitaten\/#primaryimage","url":"http:\/\/villagiulia.youelba.com\/wp-content\/uploads\/2026\/04\/sentiero-205-trekking-sopra-monserrato-0409-87-768x576.jpg","contentUrl":"http:\/\/villagiulia.youelba.com\/wp-content\/uploads\/2026\/04\/sentiero-205-trekking-sopra-monserrato-0409-87-768x576.jpg"},{"@type":"BreadcrumbList","@id":"https:\/\/www.villagiuliahotel.it\/de\/insel-elba\/sport-und-aktivitaten\/#breadcrumb","itemListElement":[{"@type":"ListItem","position":1,"name":"Home","item":"https:\/\/www.villagiuliahotel.it\/de\/home\/"},{"@type":"ListItem","position":2,"name":"Insel Elba","item":"https:\/\/www.villagiuliahotel.it\/de\/insel-elba\/"},{"@type":"ListItem","position":3,"name":"Sport und Aktivit\u00e4ten"}]},{"@type":"WebSite","@id":"https:\/\/www.villagiuliahotel.it\/de\/#website","url":"https:\/\/www.villagiuliahotel.it\/de\/","name":"Hotel Villa Giulia","description":"Hotel all&#039;Isola d&#039;Elba nella splendida posizione panoramica sul Lido di Capoliveri","publisher":{"@id":"https:\/\/www.villagiuliahotel.it\/de\/#organization"},"potentialAction":[{"@type":"SearchAction","target":{"@type":"EntryPoint","urlTemplate":"https:\/\/www.villagiuliahotel.it\/de\/?s={search_term_string}"},"query-input":{"@type":"PropertyValueSpecification","valueRequired":true,"valueName":"search_term_string"}}],"inLanguage":"de"},{"@type":"Organization","@id":"https:\/\/www.villagiuliahotel.it\/de\/#organization","name":"Hotel Villa Giulia","url":"https:\/\/www.villagiuliahotel.it\/de\/","logo":{"@type":"ImageObject","inLanguage":"de","@id":"https:\/\/www.villagiuliahotel.it\/de\/#\/schema\/logo\/image\/","url":"https:\/\/www.villagiuliahotel.it\/wp-content\/uploads\/2024\/04\/logo-villagiulia.png","contentUrl":"https:\/\/www.villagiuliahotel.it\/wp-content\/uploads\/2024\/04\/logo-villagiulia.png","width":400,"height":150,"caption":"Hotel Villa Giulia"},"image":{"@id":"https:\/\/www.villagiuliahotel.it\/de\/#\/schema\/logo\/image\/"},"sameAs":["https:\/\/www.facebook.com\/hotelvillagiuliaelba","https:\/\/www.instagram.com\/hotelvillagiuliaelba\/"]}]}},"_links":{"self":[{"href":"https:\/\/www.villagiuliahotel.it\/de\/wp-json\/wp\/v2\/pages\/1298","targetHints":{"allow":["GET"]}}],"collection":[{"href":"https:\/\/www.villagiuliahotel.it\/de\/wp-json\/wp\/v2\/pages"}],"about":[{"href":"https:\/\/www.villagiuliahotel.it\/de\/wp-json\/wp\/v2\/types\/page"}],"author":[{"embeddable":true,"href":"https:\/\/www.villagiuliahotel.it\/de\/wp-json\/wp\/v2\/users\/1"}],"replies":[{"embeddable":true,"href":"https:\/\/www.villagiuliahotel.it\/de\/wp-json\/wp\/v2\/comments?post=1298"}],"version-history":[{"count":4,"href":"https:\/\/www.villagiuliahotel.it\/de\/wp-json\/wp\/v2\/pages\/1298\/revisions"}],"predecessor-version":[{"id":1613,"href":"https:\/\/www.villagiuliahotel.it\/de\/wp-json\/wp\/v2\/pages\/1298\/revisions\/1613"}],"up":[{"embeddable":true,"href":"https:\/\/www.villagiuliahotel.it\/de\/wp-json\/wp\/v2\/pages\/1288"}],"wp:attachment":[{"href":"https:\/\/www.villagiuliahotel.it\/de\/wp-json\/wp\/v2\/media?parent=1298"}],"curies":[{"name":"wp","href":"https:\/\/api.w.org\/{rel}","templated":true}]}}