{"id":1693,"date":"2026-05-07T21:15:35","date_gmt":"2026-05-07T19:15:35","guid":{"rendered":"http:\/\/villagiulia.youelba.com\/spiaggia-privata\/"},"modified":"2026-05-08T09:16:58","modified_gmt":"2026-05-08T07:16:58","slug":"privatstrand","status":"publish","type":"page","link":"https:\/\/www.villagiuliahotel.it\/de\/privatstrand\/","title":{"rendered":"Privatstrand"},"content":{"rendered":"\t\t<div data-elementor-type=\"wp-page\" data-elementor-id=\"1693\" class=\"elementor elementor-1693 elementor-1688\" data-elementor-post-type=\"page\">\n\t\t\t\t\t\t<section class=\"elementor-section elementor-top-section elementor-element elementor-element-94815fe elementor-section-stretched elementor-section-height-full elementor-section-boxed elementor-section-height-default elementor-section-items-middle\" data-id=\"94815fe\" data-element_type=\"section\" data-e-type=\"section\" data-settings=\"{&quot;stretch_section&quot;:&quot;section-stretched&quot;,&quot;background_background&quot;:&quot;classic&quot;}\">\n\t\t\t\t\t\t<div class=\"elementor-container elementor-column-gap-wider\">\n\t\t\t\t\t<div class=\"elementor-column elementor-col-100 elementor-top-column elementor-element elementor-element-8deff9d\" data-id=\"8deff9d\" data-element_type=\"column\" data-e-type=\"column\">\n\t\t\t<div class=\"elementor-widget-wrap elementor-element-populated\">\n\t\t\t\t\t\t<section class=\"elementor-section elementor-inner-section elementor-element elementor-element-60ae52a elementor-section-boxed elementor-section-height-default elementor-section-height-default\" data-id=\"60ae52a\" data-element_type=\"section\" data-e-type=\"section\">\n\t\t\t\t\t\t<div class=\"elementor-container elementor-column-gap-default\">\n\t\t\t\t\t<div class=\"elementor-column elementor-col-50 elementor-inner-column elementor-element elementor-element-a707693\" data-id=\"a707693\" data-element_type=\"column\" data-e-type=\"column\">\n\t\t\t<div class=\"elementor-widget-wrap elementor-element-populated\">\n\t\t\t\t\t\t<div class=\"elementor-element elementor-element-1efdd30 elementor-widget elementor-widget-text-editor\" data-id=\"1efdd30\" data-element_type=\"widget\" data-e-type=\"widget\" data-widget_type=\"text-editor.default\">\n\t\t\t\t<div class=\"elementor-widget-container\">\n\t\t\t\t\t\t\t\t\t<h2><span style=\"color: #67e4ef;\">Lido di Capoliveri<\/sup><\/span><\/h2>\t\t\t\t\t\t\t\t<\/div>\n\t\t\t\t<\/div>\n\t\t\t\t\t<\/div>\n\t\t<\/div>\n\t\t\t\t<div class=\"elementor-column elementor-col-50 elementor-inner-column elementor-element elementor-element-1a838e7\" data-id=\"1a838e7\" data-element_type=\"column\" data-e-type=\"column\">\n\t\t\t<div class=\"elementor-widget-wrap elementor-element-populated\">\n\t\t\t\t\t\t<div class=\"elementor-element elementor-element-7af0a68 elementor-widget elementor-widget-text-editor\" data-id=\"7af0a68\" data-element_type=\"widget\" data-e-type=\"widget\" data-widget_type=\"text-editor.default\">\n\t\t\t\t<div class=\"elementor-widget-container\">\n\t\t\t\t\t\t\t\t\t<h3><span style=\"color: #f5f5f5;\">Der Strand von <span style=\"color: #67e4ef;\">Lido di Capoliveri<\/span> ist eine ruhige Naturoase<\/span><\/h3>\t\t\t\t\t\t\t\t<\/div>\n\t\t\t\t<\/div>\n\t\t\t\t\t<\/div>\n\t\t<\/div>\n\t\t\t\t\t<\/div>\n\t\t<\/section>\n\t\t\t\t<section class=\"elementor-section elementor-inner-section elementor-element elementor-element-540d8d3 elementor-reverse-tablet elementor-section-boxed elementor-section-height-default elementor-section-height-default\" data-id=\"540d8d3\" data-element_type=\"section\" data-e-type=\"section\">\n\t\t\t\t\t\t<div class=\"elementor-container elementor-column-gap-default\">\n\t\t\t\t\t<div class=\"elementor-column elementor-col-100 elementor-inner-column elementor-element elementor-element-ab53480\" data-id=\"ab53480\" data-element_type=\"column\" data-e-type=\"column\">\n\t\t\t<div class=\"elementor-widget-wrap elementor-element-populated\">\n\t\t\t\t\t\t<div class=\"elementor-element elementor-element-1a5c46a elementor-widget elementor-widget-text-editor\" data-id=\"1a5c46a\" data-element_type=\"widget\" data-e-type=\"widget\" data-widget_type=\"text-editor.default\">\n\t\t\t\t<div class=\"elementor-widget-container\">\n\t\t\t\t\t\t\t\t\t<h5><span style=\"color: #ffffff;\">Das 3-Sterne Hotel Villa Giulia befindet sich in der wundersch\u00f6nen Landschaft der Insel Elba, ganz in der N\u00e4he des feinsandigen Strandes von Lido di Capoliveri \u2013 in einer Region von au\u00dfergew\u00f6hnlicher und abwechslungsreicher Sch\u00f6nheit. Berge mit jahrhundertealten W\u00e4ldern und mittelalterliche D\u00f6rfer auf den H\u00fcgeln treffen hier auf traumhafte Str\u00e4nde, kristallklares Meer und die \u00fcppige mediterrane Vegetation.<\/span><\/h5>\t\t\t\t\t\t\t\t<\/div>\n\t\t\t\t<\/div>\n\t\t\t\t\t<\/div>\n\t\t<\/div>\n\t\t\t\t\t<\/div>\n\t\t<\/section>\n\t\t\t\t\t<\/div>\n\t\t<\/div>\n\t\t\t\t\t<\/div>\n\t\t<\/section>\n\t\t\t\t<section class=\"elementor-section elementor-top-section elementor-element elementor-element-9cb723a elementor-section-stretched elementor-section-boxed elementor-section-height-default elementor-section-height-default\" data-id=\"9cb723a\" data-element_type=\"section\" data-e-type=\"section\" data-settings=\"{&quot;stretch_section&quot;:&quot;section-stretched&quot;,&quot;background_background&quot;:&quot;classic&quot;}\">\n\t\t\t\t\t\t<div class=\"elementor-container elementor-column-gap-wider\">\n\t\t\t\t\t<div class=\"elementor-column elementor-col-100 elementor-top-column elementor-element elementor-element-dc0dcaf\" data-id=\"dc0dcaf\" data-element_type=\"column\" data-e-type=\"column\">\n\t\t\t<div class=\"elementor-widget-wrap elementor-element-populated\">\n\t\t\t\t\t\t<section class=\"elementor-section elementor-inner-section elementor-element elementor-element-1e2bacc elementor-section-boxed elementor-section-height-default elementor-section-height-default\" data-id=\"1e2bacc\" data-element_type=\"section\" data-e-type=\"section\" data-settings=\"{&quot;background_background&quot;:&quot;classic&quot;}\">\n\t\t\t\t\t\t<div class=\"elementor-container elementor-column-gap-default\">\n\t\t\t\t\t<div class=\"elementor-column elementor-col-50 elementor-inner-column elementor-element elementor-element-c478683\" data-id=\"c478683\" data-element_type=\"column\" data-e-type=\"column\">\n\t\t\t<div class=\"elementor-widget-wrap elementor-element-populated\">\n\t\t\t\t\t\t<div class=\"elementor-element elementor-element-859d738 elementor-widget elementor-widget-text-editor\" data-id=\"859d738\" data-element_type=\"widget\" data-e-type=\"widget\" data-widget_type=\"text-editor.default\">\n\t\t\t\t<div class=\"elementor-widget-container\">\n\t\t\t\t\t\t\t\t\t<p>Unser <strong>privater feinsandiger Strand<\/strong> befindet sich in der wundersch\u00f6nen Umgebung von <strong>Lido di Capoliveri<\/strong>, etwa <strong>600 Meter vom Hotel entfernt<\/strong>, und ist <strong>bequem in 10 bis 15 Minuten zu Fu\u00df erreichbar<\/strong>, entlang einer <strong>komfortablen ebenen Stra\u00dfe<\/strong>. Der Strand ist <strong>vollst\u00e4ndig ausgestattet<\/strong> und bietet <strong>kostenloses WLAN<\/strong>, <strong>Partnerbars und Restaurants<\/strong> sowie eine ruhige und angenehme Atmosph\u00e4re \u2013 ideal f\u00fcr entspannte Tage am Meer. Hier k\u00f6nnen Sie sonnige Stunden zwischen Baden und Erholung genie\u00dfen, mit der M\u00f6glichkeit, <strong>Boote und Tretboote zu mieten<\/strong>, am breiten Strand zu spielen oder Aktivit\u00e4ten wie <strong>Windsurfen<\/strong> auszuprobieren. Eine wunderbare Gelegenheit, entspannte Momente zu zweit oder mit der ganzen Familie zu erleben. Die Kosten f\u00fcr <strong>einen Sonnenschirm mit zwei Liegen<\/strong> variieren je nach Saison und Nutzungstagen ungef\u00e4hr <strong>zwischen 15 \u20ac und 35 \u20ac pro Tag<\/strong>.<\/p>\n\n<p>Nur wenige Kilometer vom Hotel Villa Giulia entfernt liegt <strong>Porto Azzurro<\/strong>, ein beliebter Ort mit seinem charmanten <strong>kleinen Hafen<\/strong>, den <strong>Promenaden am Meer<\/strong>, <strong>Gesch\u00e4ften<\/strong>, <strong>Lokalen<\/strong> und einer lebendigen, zugleich entspannten Atmosph\u00e4re. Das ideale Ziel f\u00fcr einen angenehmen Abend oder einen Spaziergang durch malerische Gassen und entlang reizvoller Ausblicke \u2013 einer der beliebtesten Orte der Insel Elba.<\/p>\t\t\t\t\t\t\t\t<\/div>\n\t\t\t\t<\/div>\n\t\t\t\t\t<\/div>\n\t\t<\/div>\n\t\t\t\t<div class=\"elementor-column elementor-col-50 elementor-inner-column elementor-element elementor-element-da2fc4e\" data-id=\"da2fc4e\" data-element_type=\"column\" data-e-type=\"column\">\n\t\t\t<div class=\"elementor-widget-wrap elementor-element-populated\">\n\t\t\t\t\t\t<div class=\"elementor-element elementor-element-a0c2eb6 elementor-widget elementor-widget-image\" data-id=\"a0c2eb6\" data-element_type=\"widget\" data-e-type=\"widget\" data-widget_type=\"image.default\">\n\t\t\t\t<div class=\"elementor-widget-container\">\n\t\t\t\t\t\t\t\t\t\t\t\t\t\t\t<img fetchpriority=\"high\" decoding=\"async\" width=\"800\" height=\"600\" src=\"https:\/\/www.villagiuliahotel.it\/wp-content\/uploads\/2024\/04\/Spiaggia-Ombrello-Salvataggio.jpg\" class=\"attachment-large size-large wp-image-1550\" alt=\"\" srcset=\"https:\/\/www.villagiuliahotel.it\/wp-content\/uploads\/2024\/04\/Spiaggia-Ombrello-Salvataggio.jpg 800w, https:\/\/www.villagiuliahotel.it\/wp-content\/uploads\/2024\/04\/Spiaggia-Ombrello-Salvataggio-500x375.jpg 500w, https:\/\/www.villagiuliahotel.it\/wp-content\/uploads\/2024\/04\/Spiaggia-Ombrello-Salvataggio-300x225.jpg 300w, https:\/\/www.villagiuliahotel.it\/wp-content\/uploads\/2024\/04\/Spiaggia-Ombrello-Salvataggio-768x576.jpg 768w, https:\/\/www.villagiuliahotel.it\/wp-content\/uploads\/2024\/04\/Spiaggia-Ombrello-Salvataggio-100x75.jpg 100w, https:\/\/www.villagiuliahotel.it\/wp-content\/uploads\/2024\/04\/Spiaggia-Ombrello-Salvataggio-480x360.jpg 480w\" sizes=\"(max-width:767px) 480px, (max-width:800px) 100vw, 800px\" \/>\t\t\t\t\t\t\t\t\t\t\t\t\t\t\t<\/div>\n\t\t\t\t<\/div>\n\t\t\t\t\t<\/div>\n\t\t<\/div>\n\t\t\t\t\t<\/div>\n\t\t<\/section>\n\t\t\t\t\t<\/div>\n\t\t<\/div>\n\t\t\t\t\t<\/div>\n\t\t<\/section>\n\t\t\t\t<\/div>\n\t\t","protected":false},"excerpt":{"rendered":"<p>Lido di Capoliveri Der Strand von Lido di Capoliveri ist eine ruhige Naturoase Das 3-Sterne Hotel Villa Giulia befindet sich in der wundersch\u00f6nen Landschaft der Insel<span class=\"excerpt-hellip\"> [\u2026]<\/span><\/p>\n","protected":false},"author":1,"featured_media":-1,"parent":0,"menu_order":0,"comment_status":"closed","ping_status":"closed","template":"","meta":{"footnotes":""},"class_list":["post-1693","page","type-page","status-publish","has-post-thumbnail","hentry"],"yoast_head":"<!-- This site is optimized with the Yoast SEO plugin v27.6 - https:\/\/yoast.com\/product\/yoast-seo-wordpress\/ -->\n<title>Privatstrand - Hotel Villa Giulia<\/title>\n<meta name=\"robots\" content=\"index, follow, max-snippet:-1, max-image-preview:large, max-video-preview:-1\" \/>\n<link rel=\"canonical\" href=\"https:\/\/www.villagiuliahotel.it\/de\/privatstrand\/\" \/>\n<meta property=\"og:locale\" content=\"de_DE\" \/>\n<meta property=\"og:type\" content=\"article\" \/>\n<meta property=\"og:title\" content=\"Privatstrand - Hotel Villa Giulia\" \/>\n<meta property=\"og:description\" content=\"Lido di Capoliveri Der Strand von Lido di Capoliveri ist eine ruhige Naturoase Das 3-Sterne Hotel Villa Giulia befindet sich in der wundersch\u00f6nen Landschaft der Insel [\u2026]\" \/>\n<meta property=\"og:url\" content=\"https:\/\/www.villagiuliahotel.it\/de\/privatstrand\/\" \/>\n<meta property=\"og:site_name\" content=\"Hotel Villa Giulia\" \/>\n<meta property=\"article:publisher\" content=\"https:\/\/www.facebook.com\/hotelvillagiuliaelba\" \/>\n<meta property=\"article:modified_time\" content=\"2026-05-08T07:16:58+00:00\" \/>\n<meta name=\"twitter:card\" content=\"summary_large_image\" \/>\n<meta name=\"twitter:label1\" content=\"Gesch\u00e4tzte Lesezeit\" \/>\n\t<meta name=\"twitter:data1\" content=\"1\u00a0Minute\" \/>\n<script type=\"application\/ld+json\" class=\"yoast-schema-graph\">{\"@context\":\"https:\\\/\\\/schema.org\",\"@graph\":[{\"@type\":\"WebPage\",\"@id\":\"https:\\\/\\\/www.villagiuliahotel.it\\\/de\\\/privatstrand\\\/\",\"url\":\"https:\\\/\\\/www.villagiuliahotel.it\\\/de\\\/privatstrand\\\/\",\"name\":\"Privatstrand - Hotel Villa Giulia\",\"isPartOf\":{\"@id\":\"https:\\\/\\\/www.villagiuliahotel.it\\\/de\\\/#website\"},\"primaryImageOfPage\":{\"@id\":\"https:\\\/\\\/www.villagiuliahotel.it\\\/de\\\/privatstrand\\\/#primaryimage\"},\"image\":{\"@id\":\"https:\\\/\\\/www.villagiuliahotel.it\\\/de\\\/privatstrand\\\/#primaryimage\"},\"thumbnailUrl\":\"http:\\\/\\\/villagiulia.youelba.com\\\/wp-content\\\/uploads\\\/2024\\\/04\\\/Spiaggia-Ombrello-Salvataggio.jpg\",\"datePublished\":\"2026-05-07T19:15:35+00:00\",\"dateModified\":\"2026-05-08T07:16:58+00:00\",\"breadcrumb\":{\"@id\":\"https:\\\/\\\/www.villagiuliahotel.it\\\/de\\\/privatstrand\\\/#breadcrumb\"},\"inLanguage\":\"de\",\"potentialAction\":[{\"@type\":\"ReadAction\",\"target\":[\"https:\\\/\\\/www.villagiuliahotel.it\\\/de\\\/privatstrand\\\/\"]}]},{\"@type\":\"ImageObject\",\"inLanguage\":\"de\",\"@id\":\"https:\\\/\\\/www.villagiuliahotel.it\\\/de\\\/privatstrand\\\/#primaryimage\",\"url\":\"http:\\\/\\\/villagiulia.youelba.com\\\/wp-content\\\/uploads\\\/2024\\\/04\\\/Spiaggia-Ombrello-Salvataggio.jpg\",\"contentUrl\":\"http:\\\/\\\/villagiulia.youelba.com\\\/wp-content\\\/uploads\\\/2024\\\/04\\\/Spiaggia-Ombrello-Salvataggio.jpg\"},{\"@type\":\"BreadcrumbList\",\"@id\":\"https:\\\/\\\/www.villagiuliahotel.it\\\/de\\\/privatstrand\\\/#breadcrumb\",\"itemListElement\":[{\"@type\":\"ListItem\",\"position\":1,\"name\":\"Home\",\"item\":\"https:\\\/\\\/www.villagiuliahotel.it\\\/de\\\/home\\\/\"},{\"@type\":\"ListItem\",\"position\":2,\"name\":\"Privatstrand\"}]},{\"@type\":\"WebSite\",\"@id\":\"https:\\\/\\\/www.villagiuliahotel.it\\\/de\\\/#website\",\"url\":\"https:\\\/\\\/www.villagiuliahotel.it\\\/de\\\/\",\"name\":\"Hotel Villa Giulia\",\"description\":\"Hotel all&#039;Isola d&#039;Elba nella splendida posizione panoramica sul Lido di Capoliveri\",\"publisher\":{\"@id\":\"https:\\\/\\\/www.villagiuliahotel.it\\\/de\\\/#organization\"},\"potentialAction\":[{\"@type\":\"SearchAction\",\"target\":{\"@type\":\"EntryPoint\",\"urlTemplate\":\"https:\\\/\\\/www.villagiuliahotel.it\\\/de\\\/?s={search_term_string}\"},\"query-input\":{\"@type\":\"PropertyValueSpecification\",\"valueRequired\":true,\"valueName\":\"search_term_string\"}}],\"inLanguage\":\"de\"},{\"@type\":\"Organization\",\"@id\":\"https:\\\/\\\/www.villagiuliahotel.it\\\/de\\\/#organization\",\"name\":\"Hotel Villa Giulia\",\"url\":\"https:\\\/\\\/www.villagiuliahotel.it\\\/de\\\/\",\"logo\":{\"@type\":\"ImageObject\",\"inLanguage\":\"de\",\"@id\":\"https:\\\/\\\/www.villagiuliahotel.it\\\/de\\\/#\\\/schema\\\/logo\\\/image\\\/\",\"url\":\"https:\\\/\\\/www.villagiuliahotel.it\\\/wp-content\\\/uploads\\\/2024\\\/04\\\/logo-villagiulia.png\",\"contentUrl\":\"https:\\\/\\\/www.villagiuliahotel.it\\\/wp-content\\\/uploads\\\/2024\\\/04\\\/logo-villagiulia.png\",\"width\":400,\"height\":150,\"caption\":\"Hotel Villa Giulia\"},\"image\":{\"@id\":\"https:\\\/\\\/www.villagiuliahotel.it\\\/de\\\/#\\\/schema\\\/logo\\\/image\\\/\"},\"sameAs\":[\"https:\\\/\\\/www.facebook.com\\\/hotelvillagiuliaelba\",\"https:\\\/\\\/www.instagram.com\\\/hotelvillagiuliaelba\\\/\"]}]}<\/script>\n<!-- \/ Yoast SEO plugin. -->","yoast_head_json":{"title":"Privatstrand - Hotel Villa Giulia","robots":{"index":"index","follow":"follow","max-snippet":"max-snippet:-1","max-image-preview":"max-image-preview:large","max-video-preview":"max-video-preview:-1"},"canonical":"https:\/\/www.villagiuliahotel.it\/de\/privatstrand\/","og_locale":"de_DE","og_type":"article","og_title":"Privatstrand - Hotel Villa Giulia","og_description":"Lido di Capoliveri Der Strand von Lido di Capoliveri ist eine ruhige Naturoase Das 3-Sterne Hotel Villa Giulia befindet sich in der wundersch\u00f6nen Landschaft der Insel [\u2026]","og_url":"https:\/\/www.villagiuliahotel.it\/de\/privatstrand\/","og_site_name":"Hotel Villa Giulia","article_publisher":"https:\/\/www.facebook.com\/hotelvillagiuliaelba","article_modified_time":"2026-05-08T07:16:58+00:00","twitter_card":"summary_large_image","twitter_misc":{"Gesch\u00e4tzte Lesezeit":"1\u00a0Minute"},"schema":{"@context":"https:\/\/schema.org","@graph":[{"@type":"WebPage","@id":"https:\/\/www.villagiuliahotel.it\/de\/privatstrand\/","url":"https:\/\/www.villagiuliahotel.it\/de\/privatstrand\/","name":"Privatstrand - Hotel Villa Giulia","isPartOf":{"@id":"https:\/\/www.villagiuliahotel.it\/de\/#website"},"primaryImageOfPage":{"@id":"https:\/\/www.villagiuliahotel.it\/de\/privatstrand\/#primaryimage"},"image":{"@id":"https:\/\/www.villagiuliahotel.it\/de\/privatstrand\/#primaryimage"},"thumbnailUrl":"http:\/\/villagiulia.youelba.com\/wp-content\/uploads\/2024\/04\/Spiaggia-Ombrello-Salvataggio.jpg","datePublished":"2026-05-07T19:15:35+00:00","dateModified":"2026-05-08T07:16:58+00:00","breadcrumb":{"@id":"https:\/\/www.villagiuliahotel.it\/de\/privatstrand\/#breadcrumb"},"inLanguage":"de","potentialAction":[{"@type":"ReadAction","target":["https:\/\/www.villagiuliahotel.it\/de\/privatstrand\/"]}]},{"@type":"ImageObject","inLanguage":"de","@id":"https:\/\/www.villagiuliahotel.it\/de\/privatstrand\/#primaryimage","url":"http:\/\/villagiulia.youelba.com\/wp-content\/uploads\/2024\/04\/Spiaggia-Ombrello-Salvataggio.jpg","contentUrl":"http:\/\/villagiulia.youelba.com\/wp-content\/uploads\/2024\/04\/Spiaggia-Ombrello-Salvataggio.jpg"},{"@type":"BreadcrumbList","@id":"https:\/\/www.villagiuliahotel.it\/de\/privatstrand\/#breadcrumb","itemListElement":[{"@type":"ListItem","position":1,"name":"Home","item":"https:\/\/www.villagiuliahotel.it\/de\/home\/"},{"@type":"ListItem","position":2,"name":"Privatstrand"}]},{"@type":"WebSite","@id":"https:\/\/www.villagiuliahotel.it\/de\/#website","url":"https:\/\/www.villagiuliahotel.it\/de\/","name":"Hotel Villa Giulia","description":"Hotel all&#039;Isola d&#039;Elba nella splendida posizione panoramica sul Lido di Capoliveri","publisher":{"@id":"https:\/\/www.villagiuliahotel.it\/de\/#organization"},"potentialAction":[{"@type":"SearchAction","target":{"@type":"EntryPoint","urlTemplate":"https:\/\/www.villagiuliahotel.it\/de\/?s={search_term_string}"},"query-input":{"@type":"PropertyValueSpecification","valueRequired":true,"valueName":"search_term_string"}}],"inLanguage":"de"},{"@type":"Organization","@id":"https:\/\/www.villagiuliahotel.it\/de\/#organization","name":"Hotel Villa Giulia","url":"https:\/\/www.villagiuliahotel.it\/de\/","logo":{"@type":"ImageObject","inLanguage":"de","@id":"https:\/\/www.villagiuliahotel.it\/de\/#\/schema\/logo\/image\/","url":"https:\/\/www.villagiuliahotel.it\/wp-content\/uploads\/2024\/04\/logo-villagiulia.png","contentUrl":"https:\/\/www.villagiuliahotel.it\/wp-content\/uploads\/2024\/04\/logo-villagiulia.png","width":400,"height":150,"caption":"Hotel Villa Giulia"},"image":{"@id":"https:\/\/www.villagiuliahotel.it\/de\/#\/schema\/logo\/image\/"},"sameAs":["https:\/\/www.facebook.com\/hotelvillagiuliaelba","https:\/\/www.instagram.com\/hotelvillagiuliaelba\/"]}]}},"_links":{"self":[{"href":"https:\/\/www.villagiuliahotel.it\/de\/wp-json\/wp\/v2\/pages\/1693","targetHints":{"allow":["GET"]}}],"collection":[{"href":"https:\/\/www.villagiuliahotel.it\/de\/wp-json\/wp\/v2\/pages"}],"about":[{"href":"https:\/\/www.villagiuliahotel.it\/de\/wp-json\/wp\/v2\/types\/page"}],"author":[{"embeddable":true,"href":"https:\/\/www.villagiuliahotel.it\/de\/wp-json\/wp\/v2\/users\/1"}],"replies":[{"embeddable":true,"href":"https:\/\/www.villagiuliahotel.it\/de\/wp-json\/wp\/v2\/comments?post=1693"}],"version-history":[{"count":4,"href":"https:\/\/www.villagiuliahotel.it\/de\/wp-json\/wp\/v2\/pages\/1693\/revisions"}],"predecessor-version":[{"id":1704,"href":"https:\/\/www.villagiuliahotel.it\/de\/wp-json\/wp\/v2\/pages\/1693\/revisions\/1704"}],"wp:featuredmedia":[{"embeddable":true,"href":"https:\/\/www.villagiuliahotel.it\/de\/wp-json\/"}],"wp:attachment":[{"href":"https:\/\/www.villagiuliahotel.it\/de\/wp-json\/wp\/v2\/media?parent=1693"}],"curies":[{"name":"wp","href":"https:\/\/api.w.org\/{rel}","templated":true}]}}